{"id":1900,"date":"2018-05-04T11:35:44","date_gmt":"2018-05-04T09:35:44","guid":{"rendered":"https:\/\/evileveshop.com\/shop\/uhani-green-tiger-cavallino\/"},"modified":"2020-10-24T11:27:19","modified_gmt":"2020-10-24T09:27:19","slug":"uhani-green-tiger-cavallino","status":"publish","type":"product","link":"https:\/\/evileveshop.com\/sl\/trgovina\/uhani-green-tiger-cavallino\/","title":{"rendered":"Uhani Green tiger cavallino"},"content":{"rendered":"","protected":false},"excerpt":{"rendered":"<p>UHANI IZ NAJBOLJ\u0160EGA USNJA, Z MEDICINSKIM JEKLOM, ZA PRAVE MODNE NAVDU\u0160ENKE<\/p>\n<p>Ta unikatni par uhanov je izvrsten za \u017eenske z modno domi\u0161ljijo, kajti uhani EvilEve v hipu dodajo celostni podobi pravo piko na i in poudarijo va\u0161o samozavest. \u010cutni, elegantni in drzni obenem. Kako bodo izpadli kot modni dodatek znotraj \u017eeljene celostne podobe, je povsem odvisno od tega, s \u010dim jih kombiniramo &#8211; odli\u010dni so tako na klasiko kot skupaj s preprostimi kavbojkami in majico, z elegantno ve\u010derno obleko in pravimi visokimi petkami pa bodo dodali va\u0161i podobi \u0161e ve\u010d elegance. Odlo\u010ditev, v katero smer bodo uhani poudarili styling, je torej va\u0161a!<\/p>\n<p>Za tiste, ki obo\u017eujete opazne, velike uhane, pa je kon\u010dno konec te\u017eav s te\u017eo uhanov! Uhani EvilEve namre\u010d slovijo po izjemni udobnosti no\u0161enja, ker so zelo lahki. Brezskrbno no\u0161enje pa omogo\u010da tudi medicinsko jeklo, ki ne povzro\u010da alergij in ne potemni &#8211; barva ostane prav taka, kot ob nakupu.<\/p>\n<p>\u0160e ena prednost uhanov v obliki listkov pa je dizajn samih listkov, ki opti\u010dno podalj\u0161ajo vrat oziroma zo\u017eajo obraz, tako da boste s tem modelom uhanov brez dvoma zasijali v svoji najlep\u0161i lu\u010di.<\/p>\n<p>Ob morebitnem nanosu ostankov li\u010dil ali drugih ne\u010disto\u010d na uhane je \u010di\u0161\u010denje oziroma vzdr\u017eevanje preprosto: uporabite papirnato kuhinjsko brisa\u010dko ter \u010distilo za steklo ali mla\u010dno vodo. Va\u0161i uhani bodo kot novi tudi po mesecih no\u0161enja.<\/p>\n","protected":false},"featured_media":5215,"comment_status":"closed","ping_status":"closed","template":"","meta":[],"_links":{"self":[{"href":"https:\/\/evileveshop.com\/sl\/wp-json\/wp\/v2\/product\/1900"}],"collection":[{"href":"https:\/\/evileveshop.com\/sl\/wp-json\/wp\/v2\/product"}],"about":[{"href":"https:\/\/evileveshop.com\/sl\/wp-json\/wp\/v2\/types\/product"}],"replies":[{"embeddable":true,"href":"https:\/\/evileveshop.com\/sl\/wp-json\/wp\/v2\/comments?post=1900"}],"wp:featuredmedia":[{"embeddable":true,"href":"https:\/\/evileveshop.com\/sl\/wp-json\/wp\/v2\/media\/5215"}],"wp:attachment":[{"href":"https:\/\/evileveshop.com\/sl\/wp-json\/wp\/v2\/media?parent=1900"}],"curies":[{"name":"wp","href":"https:\/\/api.w.org\/{rel}","templated":true}]}}