{"id":1903,"date":"2018-04-04T11:37:36","date_gmt":"2018-04-04T09:37:36","guid":{"rendered":"https:\/\/evileveshop.com\/shop\/uhani-srcki\/"},"modified":"2020-10-24T11:45:30","modified_gmt":"2020-10-24T09:45:30","slug":"uhani-srcki-sandy-gold","status":"publish","type":"product","link":"https:\/\/evileveshop.com\/sl\/trgovina\/uhani-srcki-sandy-gold\/","title":{"rendered":"Uhani sr\u010dki Sandy Gold"},"content":{"rendered":"","protected":false},"excerpt":{"rendered":"<p>DODAJTE DNEVNI PODOBI \u0160\u010cEPEC GLAMURJA IN MLADOSTNE NAVIHANOSTI: UHANI IZ NAJBOLJ\u0160EGA USNJA, Z MEDICINSKIM JEKLOM, ZA NAGAJIVO MODNO NAVDU\u0160ENKO<\/p>\n<p>Ta unikatni asimeti\u010dni par uhanov v obliki srca vas bo navdu\u0161il \u017ee ob prvem no\u0161enju. K vsakodnevni garderobi bo namre\u010d dodal \u0161\u010depec nagajivega, ne\u017enega in hkrati drznega. Odli\u010dno se nosi k celostni podobi tudi samo po en sam uhan\u010dek. Pe\u0161\u010dena barva prvovrstnega usnja z asimetri\u010dnim vzorcem pa klasi\u010dni obliki srca dodaja druga\u010dnost in eleganco.<\/p>\n<p>Za tiste, ki obo\u017eujete opazne, velike uhane, pa je kon\u010dno konec tudi te\u017eav s te\u017eo uhanov! Prav vsi unikatni usnjeni uhani EvilEve namre\u010d slovijo po izjemni udobnosti no\u0161enja, ker so zelo lahki. Brezskrbno no\u0161enje omogo\u010da tudi medicinsko jeklo, ki ne povzro\u010da alergij in ne potemni &#8211; barva ostane prav taka, kot ob nakupu.<\/p>\n<p>Ob morebitnem nanosu ostankov li\u010dil ali drugih ne\u010disto\u010d na uhane je \u010di\u0161\u010denje oziroma vzdr\u017eevanje preprosto: uporabite papirnato kuhinjsko brisa\u010dko ter \u010distilo za steklo ali mla\u010dno vodo. Va\u0161i uhani bodo kot novi tudi po mesecih no\u0161enja.<\/p>\n","protected":false},"featured_media":5217,"comment_status":"closed","ping_status":"closed","template":"","meta":[],"_links":{"self":[{"href":"https:\/\/evileveshop.com\/sl\/wp-json\/wp\/v2\/product\/1903"}],"collection":[{"href":"https:\/\/evileveshop.com\/sl\/wp-json\/wp\/v2\/product"}],"about":[{"href":"https:\/\/evileveshop.com\/sl\/wp-json\/wp\/v2\/types\/product"}],"replies":[{"embeddable":true,"href":"https:\/\/evileveshop.com\/sl\/wp-json\/wp\/v2\/comments?post=1903"}],"wp:featuredmedia":[{"embeddable":true,"href":"https:\/\/evileveshop.com\/sl\/wp-json\/wp\/v2\/media\/5217"}],"wp:attachment":[{"href":"https:\/\/evileveshop.com\/sl\/wp-json\/wp\/v2\/media?parent=1903"}],"curies":[{"name":"wp","href":"https:\/\/api.w.org\/{rel}","templated":true}]}}