{"id":1930,"date":"2018-12-12T17:22:39","date_gmt":"2018-12-12T15:22:39","guid":{"rendered":"https:\/\/evileveshop.com\/shop\/moska-denarnica-star-classy\/"},"modified":"2019-02-01T11:58:18","modified_gmt":"2019-02-01T09:58:18","slug":"moska-denarnica-star-classy","status":"publish","type":"product","link":"https:\/\/evileveshop.com\/sl\/trgovina\/moska-denarnica-star-classy\/","title":{"rendered":"mo\u0161ka denarnica Star Classy"},"content":{"rendered":"","protected":false},"excerpt":{"rendered":"<p>TRPE\u017dNA USNJENA DENARNICA ZA MO\u0160KE S STILOM<br \/>\nTa unikatna usnjena denarnica je ro\u010dno izdelana iz najbolj\u0161ega italijanskega usnja, dizajn pa je v celoti prilagojen potrebam sodobnega mo\u0161kega, ki \u017eeli odstopati iz sivine povpre\u010dja. Denarnica ima trpe\u017een usnjen \u017eep za kovance s preprostim, a mo\u010dnim zapiralom, ve\u010dji prekat za bankovce standardnih mer, 6 \u017eepkov za kartice, kamor lahko shranite do 12 kartic, ter priro\u010dni \u017eepek za predelom za kartice. Poleg drobi\u017enice se lo\u010deno z zapiralnim gumbkom, ki z zunanje strani ni viden, zapira tudi osnovni del denarnice.<br \/>\nDizajn je narejen po principu &#8216;ne preve\u010d, ne premalo&#8217; in je optimiziran na na\u010din, da v denarnico shranimo ravno prav vsega, kar potrebujemo s seboj, obenem pa se izognemo no\u0161enju nepotrebnih stvari, ki jih v velikih denarnicah radi pu\u0161\u010damo dlje \u010dasa ali pozabimo nanje.<br \/>\nPreprosta, uporabna in ravno prav druga\u010dna denarnica za vse mo\u0161ke s stilom.<\/p>\n<p>Velikost: 10cm x 9 cm (ko je prazna)<\/p>\n","protected":false},"featured_media":1615,"comment_status":"closed","ping_status":"closed","template":"","meta":[],"_links":{"self":[{"href":"https:\/\/evileveshop.com\/sl\/wp-json\/wp\/v2\/product\/1930"}],"collection":[{"href":"https:\/\/evileveshop.com\/sl\/wp-json\/wp\/v2\/product"}],"about":[{"href":"https:\/\/evileveshop.com\/sl\/wp-json\/wp\/v2\/types\/product"}],"replies":[{"embeddable":true,"href":"https:\/\/evileveshop.com\/sl\/wp-json\/wp\/v2\/comments?post=1930"}],"wp:featuredmedia":[{"embeddable":true,"href":"https:\/\/evileveshop.com\/sl\/wp-json\/wp\/v2\/media\/1615"}],"wp:attachment":[{"href":"https:\/\/evileveshop.com\/sl\/wp-json\/wp\/v2\/media?parent=1930"}],"curies":[{"name":"wp","href":"https:\/\/api.w.org\/{rel}","templated":true}]}}