{"id":2296,"date":"2019-02-21T11:38:35","date_gmt":"2019-02-21T09:38:35","guid":{"rendered":"https:\/\/evileveshop.com\/sl\/?post_type=product&#038;p=2296"},"modified":"2020-04-29T10:22:55","modified_gmt":"2020-04-29T08:22:55","slug":"torbica-black-angel","status":"publish","type":"product","link":"https:\/\/evileveshop.com\/sl\/trgovina\/torbica-black-angel\/","title":{"rendered":"Torbica Black Angel"},"content":{"rendered":"<p>Prefinjena \u010drnina in poseben dizajn sta zmagovalna kombinacija za vse prave modne navdu\u0161enke. Unikatna usnjena torbica Black Angel je ro\u010dno izdelana iz najbolj\u0161ega italijanskega usnja. Ravno prav teksture v \u010drnem usnju daje torbici sve\u017eino in poudarja unikatnost. \u00a0Z lahkoto se kombinira ne le barvno, ampak tudi z razli\u010dnimi stili obla\u010denja. Ta torbica lahko izpade zelo drzna ali pa zelo elegantna &#8211; vse je odvisno od tega, kaj nosimo zraven.<\/p>\n<p>Ta izjemni modni kos je ro\u010dno izdelan po lastni tehnologiji izdelave, zna\u010dilni za EvilEve &#8211; brez niti, \u0161ivanke in ravnila. Ro\u010daj je izjemno udoben, saj je narejen iz najbolj\u0161ega mehkega ov\u010djega usnja. \u00a0Torbica se preprosto odpira in zapira s kovinskimi zapiralnimi gumbki na levi in desni strani. Je izjemno trpe\u017ena.<\/p>\n<p>Velikost: 34 x 23 cm<\/p>\n","protected":false},"excerpt":{"rendered":"<p>POUDARITE SVOJ KARAKTER NA VSAKEM KORAKU. DOVOLITE SI BITI SAMOSVOJA.<\/p>\n<p>Ta \u010dudovita usnjena torbica je ustvarjena za \u017eensko, ki preprosto \u017eeli ve\u010d od povpre\u010dja, obenem pa njen modni izraz izhaja iz elegance in \u0161ik garderobe, ki jo zna takrat, ko to \u017eeli in potrebuje, spretno pretvoriti v ravno prav od\u0161tekano druga\u010dnost.<\/p>\n","protected":false},"featured_media":4584,"comment_status":"closed","ping_status":"closed","template":"","meta":[],"_links":{"self":[{"href":"https:\/\/evileveshop.com\/sl\/wp-json\/wp\/v2\/product\/2296"}],"collection":[{"href":"https:\/\/evileveshop.com\/sl\/wp-json\/wp\/v2\/product"}],"about":[{"href":"https:\/\/evileveshop.com\/sl\/wp-json\/wp\/v2\/types\/product"}],"replies":[{"embeddable":true,"href":"https:\/\/evileveshop.com\/sl\/wp-json\/wp\/v2\/comments?post=2296"}],"wp:featuredmedia":[{"embeddable":true,"href":"https:\/\/evileveshop.com\/sl\/wp-json\/wp\/v2\/media\/4584"}],"wp:attachment":[{"href":"https:\/\/evileveshop.com\/sl\/wp-json\/wp\/v2\/media?parent=2296"}],"curies":[{"name":"wp","href":"https:\/\/api.w.org\/{rel}","templated":true}]}}