{"id":2717,"date":"2019-03-13T22:14:41","date_gmt":"2019-03-13T20:14:41","guid":{"rendered":"https:\/\/evileveshop.com\/sl\/?post_type=product&#038;p=2717"},"modified":"2023-07-31T11:50:17","modified_gmt":"2023-07-31T09:50:17","slug":"ogrlica-rockstar-heart","status":"publish","type":"product","link":"https:\/\/evileveshop.com\/sl\/trgovina\/ogrlica-rockstar-heart\/","title":{"rendered":"Ogrlica Rockstar Heart"},"content":{"rendered":"<div>\n<div><span class=\"Apple-style-span\" style=\"font-family: Roboto;\"><span class=\"Apple-style-span\">Ogrlica Rockstar Heart je ro\u010dno narejena iz kovine in medicinskega jekla. Za\u010dutite rokersko strast!<\/span><\/span><\/div>\n<div><span class=\"Apple-style-span\" style=\"font-family: Roboto;\"><span class=\"Apple-style-span\">&nbsp;<\/span><\/span><\/div>\n<div><span class=\"Apple-style-span\" style=\"font-family: Roboto;\"><span class=\"Apple-style-span\">Velikost: ena velikost je primerna za vse, ogrlica je nastavljive velikosti in se zapenja s karabinom iz medicinskega jekla.<\/span><\/span><\/div>\n<\/div>\n","protected":false},"excerpt":{"rendered":"<p><span class=\"Apple-style-span\" style=\"color: #2d2d2d; font-family: Roboto;\"><span class=\"Apple-style-span\">PRIVO\u0160\u010cITE SI GLAMUR IN DRZNOST V ENEM SAMEM KOSU TER POUDARITE SVOJ NAGAJIV KARATKER!\u00a0<\/span><\/span><span class=\"Apple-style-span\" style=\"color: #2d2d2d; font-family: Roboto;\"><span class=\"Apple-style-span\">RO\u010cNO IZDELANA OGRLICA Z MEDICINSKIM JEKLOM ZA ROKERSKE DU\u0160E IN MODNE NAVDU\u0160ENKE, KI RADE ME\u0160AJO RAZLI\u010cNE STILE.<\/span><\/span><\/p>\n<p>&nbsp;<\/p>\n","protected":false},"featured_media":2721,"comment_status":"closed","ping_status":"closed","template":"","meta":[],"_links":{"self":[{"href":"https:\/\/evileveshop.com\/sl\/wp-json\/wp\/v2\/product\/2717"}],"collection":[{"href":"https:\/\/evileveshop.com\/sl\/wp-json\/wp\/v2\/product"}],"about":[{"href":"https:\/\/evileveshop.com\/sl\/wp-json\/wp\/v2\/types\/product"}],"replies":[{"embeddable":true,"href":"https:\/\/evileveshop.com\/sl\/wp-json\/wp\/v2\/comments?post=2717"}],"wp:featuredmedia":[{"embeddable":true,"href":"https:\/\/evileveshop.com\/sl\/wp-json\/wp\/v2\/media\/2721"}],"wp:attachment":[{"href":"https:\/\/evileveshop.com\/sl\/wp-json\/wp\/v2\/media?parent=2717"}],"curies":[{"name":"wp","href":"https:\/\/api.w.org\/{rel}","templated":true}]}}