{"id":2759,"date":"2019-03-15T03:56:45","date_gmt":"2019-03-15T01:56:45","guid":{"rendered":"https:\/\/evileveshop.com\/sl\/?post_type=product&#038;p=2759"},"modified":"2019-12-11T13:22:19","modified_gmt":"2019-12-11T11:22:19","slug":"uhani-fringe-purple","status":"publish","type":"product","link":"https:\/\/evileveshop.com\/sl\/trgovina\/uhani-fringe-purple\/","title":{"rendered":"Uhani Fringe Purple"},"content":{"rendered":"<p>Edinstveni ro\u010dno izdelani usnjeni uhani Fringe bodo v hipu poudarili va\u0161 styling. Poleg najbolj\u0161ega italijanskega usnja so uhani narejeni iz medicinskega jekla, kar pomeni, da bo barva ostala ves \u010das enaka, material pa ne povzro\u010da alergij in je zelo obstojen. Uhane odlikuje njihova te\u017ea: so zelo lahki in posledi\u010dno izjemno udobni za no\u0161enje. Izjemno lepa kovinska krilca srebrne barve dodajo uhanom posebno sporo\u010dilo, izra\u017eajo ne\u017enost, tenko\u010dutnost ter obenem svobodo in mo\u010d. Odli\u010dno bodo pristajali tako na preproste dnevne styling kot tudi za mo\u010den modni dodatek k ve\u010dernim in bolj drznim obla\u010dilom. Po\u010dutili se boste preprosto odli\u010dno!<\/p>\n<p>Fran\u017eice so dolge pribli\u017eno 7 centimetrov, naro\u010dite pa lahko tudi dalj\u0161e ali kraj\u0161e.<\/p>\n","protected":false},"excerpt":{"rendered":"<p>\u010cE SI DOSLEJ NISTE UPALI NOSITI VELIKIH UHANOV, VAS BODO PRAV UHANI FRINGE NAVDU\u0160ILI, DA SI BOSTE ODLSEJ UPALI VE\u010c! LAHKI, OPAZNI IN MODNI, PRIMERNI ZA TUDI VSE ALERGIKE, SAJ SO POLEG USNJA NAREJENI IZ MEDICINSKEGA JEKLA. \u00a0ZA PRAVE MODNE NAVDU\u0160ENKE PA JE TO OBVEZEN KOS V \u0160KATLICI Z NAKITOM, SAJ SE IZVRSTNO KOMBINIRA TAKO NA PREPROSTE KOT DRZNE CELOSTNE PODOBE.<\/p>\n","protected":false},"featured_media":2746,"comment_status":"closed","ping_status":"closed","template":"","meta":[],"_links":{"self":[{"href":"https:\/\/evileveshop.com\/sl\/wp-json\/wp\/v2\/product\/2759"}],"collection":[{"href":"https:\/\/evileveshop.com\/sl\/wp-json\/wp\/v2\/product"}],"about":[{"href":"https:\/\/evileveshop.com\/sl\/wp-json\/wp\/v2\/types\/product"}],"replies":[{"embeddable":true,"href":"https:\/\/evileveshop.com\/sl\/wp-json\/wp\/v2\/comments?post=2759"}],"wp:featuredmedia":[{"embeddable":true,"href":"https:\/\/evileveshop.com\/sl\/wp-json\/wp\/v2\/media\/2746"}],"wp:attachment":[{"href":"https:\/\/evileveshop.com\/sl\/wp-json\/wp\/v2\/media?parent=2759"}],"curies":[{"name":"wp","href":"https:\/\/api.w.org\/{rel}","templated":true}]}}