{"id":3047,"date":"2019-03-24T21:05:13","date_gmt":"2019-03-24T19:05:13","guid":{"rendered":"https:\/\/evileveshop.com\/sl\/?post_type=product&#038;p=3047"},"modified":"2019-03-24T21:14:14","modified_gmt":"2019-03-24T19:14:14","slug":"usnjena-kravata-blue-rose","status":"publish","type":"product","link":"https:\/\/evileveshop.com\/sl\/trgovina\/usnjena-kravata-blue-rose\/","title":{"rendered":"Usnjena kravata Blue Rose"},"content":{"rendered":"<blockquote>\n<div><span class=\"Apple-style-span\" style=\"font-family: Roboto;\"><span class=\"Apple-style-span\">Ta krasna ekstravagantna usnjena kravata je ro\u010dno narejena iz najbolj\u0161ega italijanskega usnja, izpod rok EvilEve vse od za\u010detne ideje do kon\u010dne izvedbe. Poudarite svojo celostno podobo z ne\u010dim drznim! Odli\u010dno pristaja preprostemu stylingu kot je jeans in obi\u010dajna maj\u010dka, izvrstno pa je videti tudi v kombinaciji s klasi\u010dnimi kosi. Uporabite jo, da poudarite rokerski videz. V vseh razli\u010dicah boste s to kravato vedno imeli posebno piko na i celostni podobi, vsaki\u010d druga\u010dno in drzno. Nosi se zelo udobno, usnje je mehko in prijetno, obenem pa trpe\u017eno. Name\u0161\u010danje kravate je preprosto in primerno tudi za tiste, ki kravate morda ne znate zavezati: uporabite zapiralne gumbe na zadnji strani!<\/span><\/span><\/div>\n<div><\/div>\n<div><span class=\"Apple-style-span\" style=\"font-family: Roboto;\"><span class=\"Apple-style-span\">Tudi \u010di\u0161\u010denje je preprosto:<\/span><\/span><span class=\"Apple-style-span\">vzamite \u010distilo za steklo ali navadno vodo ter papirnato kuhinjsko brisa\u010dko in preprosto o\u010distite.<\/span><\/div>\n<div><\/div>\n<\/blockquote>\n","protected":false},"excerpt":{"rendered":"<div><span class=\"Apple-style-span\" style=\"color: #2d2d2d; font-family: Roboto;\"><span class=\"Apple-style-span\">RO\u010cNO IZDELANA USNJENA KRAVATA ZA MODNE SPECIALISTKE: UDOBNA, MODNA, DRUGA\u010cNA, \u0160IK IN DRZNA.<\/span><\/span><\/div>\n<div><\/div>\n","protected":false},"featured_media":3033,"comment_status":"closed","ping_status":"closed","template":"","meta":[],"_links":{"self":[{"href":"https:\/\/evileveshop.com\/sl\/wp-json\/wp\/v2\/product\/3047"}],"collection":[{"href":"https:\/\/evileveshop.com\/sl\/wp-json\/wp\/v2\/product"}],"about":[{"href":"https:\/\/evileveshop.com\/sl\/wp-json\/wp\/v2\/types\/product"}],"replies":[{"embeddable":true,"href":"https:\/\/evileveshop.com\/sl\/wp-json\/wp\/v2\/comments?post=3047"}],"wp:featuredmedia":[{"embeddable":true,"href":"https:\/\/evileveshop.com\/sl\/wp-json\/wp\/v2\/media\/3033"}],"wp:attachment":[{"href":"https:\/\/evileveshop.com\/sl\/wp-json\/wp\/v2\/media?parent=3047"}],"curies":[{"name":"wp","href":"https:\/\/api.w.org\/{rel}","templated":true}]}}