{"id":3106,"date":"2019-03-25T13:03:53","date_gmt":"2019-03-25T11:03:53","guid":{"rendered":"https:\/\/evileveshop.com\/sl\/?post_type=product&#038;p=3106"},"modified":"2020-12-05T12:40:54","modified_gmt":"2020-12-05T10:40:54","slug":"usnjena-ogrlica-fringe-fashionista-3-v-1-goldish","status":"publish","type":"product","link":"https:\/\/evileveshop.com\/sl\/trgovina\/usnjena-ogrlica-fringe-fashionista-3-v-1-goldish\/","title":{"rendered":"Usnjena ogrlica Fringe Fashionista 3 v 1 Goldish"},"content":{"rendered":"<div><span class=\"Apple-style-span\" style=\"font-family: Roboto;\"><span class=\"Apple-style-span\">\u0160ik in z veliko stila &#8211; za drzne! Ta elegantna ogrlica iz usnja in medicinskega jekla je izjemno udobna za no\u0161enje. Drznite si poskusiti razli\u010dne stylinge in nosite ogrlico kot svojstven modni dodatek na razli\u010dne na\u010dine. Vsak na\u010din daje celotni podobi drug vizualni u\u010dinek. \u010cudovit del s fran\u017eami vklju\u010duje obesek z angelskimi krili, kar daje ogrlici \u010dutnost, obenem pa ta kos ostaja dovolj drzen, da brez besed poudari karakter mo\u010dne \u017eenske. Usnjena ma\u0161na je drug del ogrlice, ki ga prav tako lahko nosite samostojno ali v kombinaciji, in ohranja brez\u010dasno eleganco. Oba dela skupaj pa bosta v trenutku poudarila kon\u010dno celostno podobo. Elegantna srebrna veri\u017eica je narejena iz medicinskega jekla, ki ne potemni in ne povzro\u010da alergij.<\/span><\/span><\/div>\n<div><span class=\"Apple-style-span\" style=\"font-family: Roboto;\"><span class=\"Apple-style-span\">\u00a0<\/span><\/span><\/div>\n<div><span class=\"Apple-style-span\" style=\"font-family: Roboto;\"><span class=\"Apple-style-span\">Velikost: ena velikost je primerna za vse, ogrlica je nastavljive velikosti.<\/span><\/span><\/div>\n<div><span class=\"Apple-style-span\" style=\"font-family: Roboto;\"><span class=\"Apple-style-span\"><span class=\"Apple-style-span\" style=\"color: #2d2d2d;\">\u00a0<\/span><\/span><\/span><\/div>\n<div><span class=\"Apple-style-span\" style=\"color: #2d2d2d; font-family: Roboto;\"><span class=\"Apple-style-span\">Dol\u017eina in \u0161irina fran\u017e: 35 cm x 6 cm<\/span><\/span><\/div>\n<div><\/div>\n","protected":false},"excerpt":{"rendered":"<p>TRI OGRLICE V ENI ZA VSE MODNE NAVDU\u0160ENKE, KI OBVLADAJO RAZLI\u010cNE STILE. STE DOVOLJ DRZNI?<span class=\"Apple-style-span\" style=\"font-family: Roboto;\"><span class=\"Apple-style-span\">\u00a0<\/span><\/span><\/p>\n<div><span class=\"Apple-style-span\" style=\"font-family: Roboto;\"><span class=\"Apple-style-span\">Vsaka ogrlica FRINGE 3in1 je ustvarjena za no\u0161enje na tri razli\u010dne na\u010dine. Izpod ustvarjalnih rok EvilEve je ro\u010dno narejena od za\u010detne ideje do kon\u010dne izvedbe, iz najbolj\u0161ega italijanskega usnja in lastno tehnologijo izdelave brez uporabe niti, \u0161ivanke in ravnila.\u00a0<\/span><\/span><\/div>\n","protected":false},"featured_media":3062,"comment_status":"closed","ping_status":"closed","template":"","meta":[],"_links":{"self":[{"href":"https:\/\/evileveshop.com\/sl\/wp-json\/wp\/v2\/product\/3106"}],"collection":[{"href":"https:\/\/evileveshop.com\/sl\/wp-json\/wp\/v2\/product"}],"about":[{"href":"https:\/\/evileveshop.com\/sl\/wp-json\/wp\/v2\/types\/product"}],"replies":[{"embeddable":true,"href":"https:\/\/evileveshop.com\/sl\/wp-json\/wp\/v2\/comments?post=3106"}],"wp:featuredmedia":[{"embeddable":true,"href":"https:\/\/evileveshop.com\/sl\/wp-json\/wp\/v2\/media\/3062"}],"wp:attachment":[{"href":"https:\/\/evileveshop.com\/sl\/wp-json\/wp\/v2\/media?parent=3106"}],"curies":[{"name":"wp","href":"https:\/\/api.w.org\/{rel}","templated":true}]}}