{"id":3107,"date":"2019-04-04T09:52:21","date_gmt":"2019-04-04T07:52:21","guid":{"rendered":"https:\/\/evileveshop.com\/sl\/?post_type=product&#038;p=3107"},"modified":"2020-03-01T13:36:09","modified_gmt":"2020-03-01T11:36:09","slug":"torbica-passion","status":"publish","type":"product","link":"https:\/\/evileveshop.com\/sl\/trgovina\/torbica-passion\/","title":{"rendered":"Torbica Passion"},"content":{"rendered":"<p>Prefinjena \u010drna in bela kombinacija v najbolj\u0161em cavallino usnju in belkasta osnova s \u010dudovitim vzorcem ter teksturo sta v posebnem dizajnu zadetek v polno za vse prave modne navdu\u0161enke. Unikatna usnjena torbica Passion bo izvrstno poudarila va\u0161 karakter in celostni podobi dodala drzno privla\u010dnost.<\/p>\n<p>Torbica je ro\u010dno izdelana iz najbolj\u0161ega italijanskega usnja. Z lahkoto se kombinira ne le barvno, ampak tudi z razli\u010dnimi stili obla\u010denja, poskusite razli\u010dne kombinacije od bulerjev do visokih petk in navdu\u0161ene boste nad magijo, ki jo pri\u010dara prav ta modni dodatek. Ta torbica lahko izpade zelo drzna ali pa zelo elegantna &#8211; vse je odvisno od tega, kaj nosimo zraven.<\/p>\n<p>Na sprednji strani je ob kovinskem logotipu EvilEve \u0161e li\u010dni klju\u010dek z napisom Dream.<\/p>\n<p>Torbica se preprosto odpira in zapira s kovinskimi zapiralnimi gumbki na levi in desni strani. Ro\u010daj je narejen iz veri\u017eice ter karabinov iz medicinskega jekla, zato ga lahko uporabite tudi na primer kot ogrlico ali kot keychain za na kavbojke! Ro\u010daj je v celoti prilagodljiv in si velikost nastavljate po \u017eelji in potrebi, lahko pa ga tudi odstranite in torbico nosite za posebne prilo\u017enosti brez ro\u010daja.<\/p>\n<p>Velikost: 29 x 20 cm<\/p>\n","protected":false},"excerpt":{"rendered":"<p>POUDARITE SVOJ KARAKTER NA VSAKEM KORAKU. DOVOLITE SI BITI SAMOSVOJA.<\/p>\n<p>Ta \u010dudovita usnjena torbica je ustvarjena za \u017eensko, ki preprosto \u017eeli ve\u010d od povpre\u010dja, obenem pa njen modni izraz izhaja iz elegance in \u0161ik garderobe, ki jo zna takrat, ko to \u017eeli in potrebuje, spretno pretvoriti v ravno prav od\u0161tekano druga\u010dnost.<\/p>\n","protected":false},"featured_media":3116,"comment_status":"closed","ping_status":"closed","template":"","meta":[],"_links":{"self":[{"href":"https:\/\/evileveshop.com\/sl\/wp-json\/wp\/v2\/product\/3107"}],"collection":[{"href":"https:\/\/evileveshop.com\/sl\/wp-json\/wp\/v2\/product"}],"about":[{"href":"https:\/\/evileveshop.com\/sl\/wp-json\/wp\/v2\/types\/product"}],"replies":[{"embeddable":true,"href":"https:\/\/evileveshop.com\/sl\/wp-json\/wp\/v2\/comments?post=3107"}],"wp:featuredmedia":[{"embeddable":true,"href":"https:\/\/evileveshop.com\/sl\/wp-json\/wp\/v2\/media\/3116"}],"wp:attachment":[{"href":"https:\/\/evileveshop.com\/sl\/wp-json\/wp\/v2\/media?parent=3107"}],"curies":[{"name":"wp","href":"https:\/\/api.w.org\/{rel}","templated":true}]}}