{"id":3433,"date":"2019-08-24T14:15:00","date_gmt":"2019-08-24T12:15:00","guid":{"rendered":"https:\/\/evileveshop.com\/sl\/?post_type=product&#038;p=3433"},"modified":"2019-08-24T14:28:58","modified_gmt":"2019-08-24T12:28:58","slug":"komplet-rockangel-pearl-silver-black-zapestnica-in-prstan","status":"publish","type":"product","link":"https:\/\/evileveshop.com\/sl\/trgovina\/komplet-rockangel-pearl-silver-black-zapestnica-in-prstan\/","title":{"rendered":"Komplet RockAngel Pearl Silver Black &#8211; zapestnica in prstan"},"content":{"rendered":"<p>Kako bo ta \u010dudovit komplet iz najbolj\u0161ega mehkega usnja in v izvrstni barvni kombinaciji \u010drne ter smetanasto srebrne izpadel v kon\u010dni podobi, je povsem odvisno od tega, s \u010dim ga boste nosili. Odli\u010dno se poda tako visokim petkam kot tudi poletnim sandalom, zimskim bulerjem ali allstarkam. Lahko poudari va\u0161 unikaten izbor in samozavest, drzno popestri vsakodnevno podobo z jeansom ali pa naredi piko na i v opaznem odbitem stylingu za posebne prilo\u017enosti.<br \/>\nModne navdu\u0161enke se boste strastno igrale s tak\u0161nim modnim dodatkom.<\/p>\n<p>Unikatna usnjena zapestnica in prstan sta ro\u010dno izdelana od za\u010detne ideje do kon\u010dne izvedbe, brez uporabe niti, \u0161ivanke in ravnila. Komplet je izjemno trpe\u017een in obenem udoben za no\u0161enje. Prstan bo odli\u010dna popestritev, tudi \u010de ga nosite samostojno.<\/p>\n<p>Zapestnica se navije okoli roke in zapira na preprost na\u010din z zapiralnim gumbkom, tako da pomo\u010di pri tem ne potrebujete. Z no\u0161enjem se izjemno lepo prilagodi obliki zapestja in je resni\u010dno udobna.<\/p>\n<p>Na voljo je v velikostih S, M, L, XL ali po meri. V kolikor niste prepri\u010dani glede velikosti, izmerite obseg zapestja na tesno in nam po\u0161ljite sporo\u010dilo za brezpla\u010den in neobvezen posvet.<\/p>\n","protected":false},"excerpt":{"rendered":"<p>STRASTNO SAMOSVOJA V KOMBINACIJI DRZNEGA IN ELEGANTNEGA.<\/p>\n<p>Ta zapestnica poudarja \u017eensko notranjo mo\u010d in samozavest, neukrotljiv notranji duh in divjo naravo, ki je ne zlomi noben vihar. Posebne stvari za posebne ljudi, za strastne modne navdu\u0161enke, ki se ne bojijo izstopati.<\/p>\n<p>&nbsp;<\/p>\n","protected":false},"featured_media":3438,"comment_status":"closed","ping_status":"closed","template":"","meta":[],"_links":{"self":[{"href":"https:\/\/evileveshop.com\/sl\/wp-json\/wp\/v2\/product\/3433"}],"collection":[{"href":"https:\/\/evileveshop.com\/sl\/wp-json\/wp\/v2\/product"}],"about":[{"href":"https:\/\/evileveshop.com\/sl\/wp-json\/wp\/v2\/types\/product"}],"replies":[{"embeddable":true,"href":"https:\/\/evileveshop.com\/sl\/wp-json\/wp\/v2\/comments?post=3433"}],"wp:featuredmedia":[{"embeddable":true,"href":"https:\/\/evileveshop.com\/sl\/wp-json\/wp\/v2\/media\/3438"}],"wp:attachment":[{"href":"https:\/\/evileveshop.com\/sl\/wp-json\/wp\/v2\/media?parent=3433"}],"curies":[{"name":"wp","href":"https:\/\/api.w.org\/{rel}","templated":true}]}}