{"id":3520,"date":"2019-08-26T11:06:06","date_gmt":"2019-08-26T09:06:06","guid":{"rendered":"https:\/\/evileveshop.com\/sl\/?post_type=product&#038;p=3520"},"modified":"2020-04-29T10:11:36","modified_gmt":"2020-04-29T08:11:36","slug":"torbica-green-party","status":"publish","type":"product","link":"https:\/\/evileveshop.com\/sl\/trgovina\/torbica-green-party\/","title":{"rendered":"Torbica Green Party"},"content":{"rendered":"<p>Prefinjeno spokano zeleno usnje s \u010drnimi detajli in poseben vzorec sta zmagovalna kombinacija za vse drzne modne navdu\u0161enke. Unikatna usnjena torbica Green Party je ro\u010dno izdelana iz najbolj\u0161ega italijanskega usnja. Namenjena je \u017eenskam, ki jim je moda prava strast, in \u017eelijo stilsko ve\u010d od obi\u010dajnega modnega kosa.<\/p>\n<p>Torbico lahko nosite z ro\u010dajem ali brez, saj je trpe\u017ena veri\u017eica iz medicinskega jekla zaklju\u010dena z li\u010dnimi karabini, ki omogo\u010dajo ne le popolno odstranitev ro\u010daja, ampak tudi prilagajanje velikosti ro\u010daja vse od najdalj\u0161ega (diagonalno na telo) do povsem kratkega, in seveda vse vmes. Elegantno veri\u017eico iz medicinskega jekla pa lahko z malce modne domi\u0161ljije uporabljate tudi v druge namene &#8211; na primer kot preprosto ogrlico ali pa jo za piko na i zapnete na rob kavbojk prav po rokersko kot modni dodatek. Torbica se preprosto odpira in zapira s kovinskimi zapiralnimi gumbki na levi in desni strani.<\/p>\n<p>&nbsp;<\/p>\n","protected":false},"excerpt":{"rendered":"<p>DOVOLITE SI PUSTITI VTIS, KAMORKOLI GRESTE.<\/p>\n<p>Ta \u010dudovita drzna usnjena torbica je ustvarjena za \u017eensko, ki prisega na od\u0161tekano in druga\u010dno ter hkrati \u017eeli unikaten in opazen modni kos. Za \u017eensko, ki razume, da se lahko ob spretnem kombiniranju en in isti kos nosi tako na visoke pete kot na bulerje.<\/p>\n","protected":false},"featured_media":3522,"comment_status":"closed","ping_status":"closed","template":"","meta":[],"_links":{"self":[{"href":"https:\/\/evileveshop.com\/sl\/wp-json\/wp\/v2\/product\/3520"}],"collection":[{"href":"https:\/\/evileveshop.com\/sl\/wp-json\/wp\/v2\/product"}],"about":[{"href":"https:\/\/evileveshop.com\/sl\/wp-json\/wp\/v2\/types\/product"}],"replies":[{"embeddable":true,"href":"https:\/\/evileveshop.com\/sl\/wp-json\/wp\/v2\/comments?post=3520"}],"wp:featuredmedia":[{"embeddable":true,"href":"https:\/\/evileveshop.com\/sl\/wp-json\/wp\/v2\/media\/3522"}],"wp:attachment":[{"href":"https:\/\/evileveshop.com\/sl\/wp-json\/wp\/v2\/media?parent=3520"}],"curies":[{"name":"wp","href":"https:\/\/api.w.org\/{rel}","templated":true}]}}