{"id":3634,"date":"2019-09-04T10:20:43","date_gmt":"2019-09-04T08:20:43","guid":{"rendered":"https:\/\/evileveshop.com\/sl\/?post_type=product&#038;p=3634"},"modified":"2019-09-04T11:16:44","modified_gmt":"2019-09-04T09:16:44","slug":"zapestnica-angelwings-purple","status":"publish","type":"product","link":"https:\/\/evileveshop.com\/sl\/trgovina\/zapestnica-angelwings-purple\/","title":{"rendered":"zapestnica AngelWings Purple"},"content":{"rendered":"<p>Univerzalen kos nakita, ki odli\u010dno pristaja na \u0161tevilne stile obla\u010denja.<\/p>\n<p>Kako bo zapestnica izpadla v kon\u010dni podobi, je povsem odvisno\u00a0 od tega, s \u010dim jo boste kombinirali. Odli\u010dno se poda tako visokim petkam kot tudi poletnim sandalom, zimskim bulerjem ali allstarkam. Pristoji tako na klasi\u010dne srajce kot bolj od\u0161tekane kose obla\u010dil. Lahko poudari va\u0161 unikaten izbor garderobe in samozavest, drzno popestri vsakodnevno podobo z jeansom ali pa naredi piko na i v opaznem odbitem stylingu za posebne prilo\u017enosti.<\/p>\n<p>Modne navdu\u0161enke se boste strastno igrale s tak\u0161nim modnim dodatkom.<\/p>\n<p>Ta usnjena zapestnica je ro\u010dno izdelana od za\u010detne ideje do kon\u010dne izvedbe, brez uporabe niti, \u0161ivanke in ravnila. Je izjemno trpe\u017ena in obenem resni\u010dno udobna za no\u0161enje.<\/p>\n<p>Zapestnica se trikrat navije okoli roke in zapira na preprost na\u010din z zapiralnim karabinom iz medicinskega jekla, ki ne povzro\u010da alergij, ne potemni in je dolgo obstojen. Z no\u0161enjem se zapestnica izjemno lepo prilagodi obliki zapestja in je tako udobna, da bo zelo kmalu postala va\u0161 najlju\u0161i kos nakita. Z lahkoto jo z dvema zapiralnima karabinoma spremenite tudi v ogrlico.<\/p>\n<p>Na voljo je v univerzalni velikosti, ki ustreza rokam razli\u010dnih mer: S, M, L, saj je zapiranje prilagodljivo.<\/p>\n<p>\u0160irina zapestnice je pribli\u017eno 0,7 cm.<\/p>\n","protected":false},"excerpt":{"rendered":"<p>SANJSKE STVARI ZA PIKO NA I:<\/p>\n<p>STRASTNO SAMOSVOJA BREZ\u010cASNA ELEGANCA, KI JO Z LAHKOTO SPREMENITE IZ ZAPESTNICE V OGRLICO.<\/p>\n<p>EvilEve je v dizajnu Angelwings ujela mo\u010dno sporo\u010dilo\u00a0\u010dutne, a drzne in samozavestne \u017eenske, ki si upa sanjati! Najbolj\u0161e\u00a0italijansko usnje in medicinsko jeklo bo bo\u017ealo tako va\u0161o roko kot tudi du\u0161o.<\/p>\n","protected":false},"featured_media":3635,"comment_status":"closed","ping_status":"closed","template":"","meta":[],"_links":{"self":[{"href":"https:\/\/evileveshop.com\/sl\/wp-json\/wp\/v2\/product\/3634"}],"collection":[{"href":"https:\/\/evileveshop.com\/sl\/wp-json\/wp\/v2\/product"}],"about":[{"href":"https:\/\/evileveshop.com\/sl\/wp-json\/wp\/v2\/types\/product"}],"replies":[{"embeddable":true,"href":"https:\/\/evileveshop.com\/sl\/wp-json\/wp\/v2\/comments?post=3634"}],"wp:featuredmedia":[{"embeddable":true,"href":"https:\/\/evileveshop.com\/sl\/wp-json\/wp\/v2\/media\/3635"}],"wp:attachment":[{"href":"https:\/\/evileveshop.com\/sl\/wp-json\/wp\/v2\/media?parent=3634"}],"curies":[{"name":"wp","href":"https:\/\/api.w.org\/{rel}","templated":true}]}}