{"id":3707,"date":"2019-10-05T15:14:26","date_gmt":"2019-10-05T13:14:26","guid":{"rendered":"https:\/\/evileveshop.com\/sl\/?post_type=product&#038;p=3707"},"modified":"2019-10-05T15:43:53","modified_gmt":"2019-10-05T13:43:53","slug":"usnjena-kravata-blackstar-basic","status":"publish","type":"product","link":"https:\/\/evileveshop.com\/sl\/trgovina\/usnjena-kravata-blackstar-basic\/","title":{"rendered":"Usnjena kravata BlackStar Basic"},"content":{"rendered":"<blockquote>\n<div><span class=\"Apple-style-span\" style=\"font-family: Roboto;\"><span class=\"Apple-style-span\">Ta krasna ekstravagantna usnjena kravata je ro\u010dno narejena iz najbolj\u0161ega italijanskega usnja, izpod rok EvilEve vse od za\u010detne ideje do kon\u010dne izvedbe. Poudarite svojo celostno podobo z ne\u010dim drznim! Odli\u010dno pristaja preprostemu stylingu kot je jeans in obi\u010dajna mo\u0161ka srajca, izvrstno pa je videti tudi v kombinaciji s klasi\u010dnimi kosi. Uporabite jo, da poudarite rokerski videz ali da klasiki dodate \u0161\u010depec unikatnega. V vseh razli\u010dicah boste s to kravato vedno imeli posebno piko na i celostni podobi, vsaki\u010d druga\u010dno in drzno. Nosi se zelo udobno, usnje je mehko in prijetno, obenem pa trpe\u017eno. Tudi \u010di\u0161\u010denje je preprosto:<\/span><\/span><span class=\"Apple-style-span\">vzamite \u010distilo za steklo ali navadno vodo ter papirnato kuhinjsko brisa\u010dko in preprosto o\u010distite.<\/span><\/div>\n<div><\/div>\n<\/blockquote>\n","protected":false},"excerpt":{"rendered":"<div><span class=\"Apple-style-span\" style=\"color: #2d2d2d; font-family: Roboto;\"><span class=\"Apple-style-span\">RO\u010cNO IZDELANA USNJENA KRAVATA ZA MO\u0160KEGA S STILOM: ZA TISTE, KI SI UPAJO! UDOBNA, MODNA, DRUGA\u010cNA, \u0160IK IN DRZNA. OBENEM JE TA MODNI KOS PRIMEREN TUDI ZA \u017dENSKE, KI LJUBIJO MODO IN ZNAJO KOMBINIRATI RAZLI\u010cNE STILE V EDINSTVENO SODOBNO CELOTO S PRIDIHOM EKSTRAVAGANCE.<\/span><\/span><\/div>\n<div><\/div>\n","protected":false},"featured_media":3710,"comment_status":"closed","ping_status":"closed","template":"","meta":[],"_links":{"self":[{"href":"https:\/\/evileveshop.com\/sl\/wp-json\/wp\/v2\/product\/3707"}],"collection":[{"href":"https:\/\/evileveshop.com\/sl\/wp-json\/wp\/v2\/product"}],"about":[{"href":"https:\/\/evileveshop.com\/sl\/wp-json\/wp\/v2\/types\/product"}],"replies":[{"embeddable":true,"href":"https:\/\/evileveshop.com\/sl\/wp-json\/wp\/v2\/comments?post=3707"}],"wp:featuredmedia":[{"embeddable":true,"href":"https:\/\/evileveshop.com\/sl\/wp-json\/wp\/v2\/media\/3710"}],"wp:attachment":[{"href":"https:\/\/evileveshop.com\/sl\/wp-json\/wp\/v2\/media?parent=3707"}],"curies":[{"name":"wp","href":"https:\/\/api.w.org\/{rel}","templated":true}]}}