{"id":3910,"date":"2019-10-30T13:58:52","date_gmt":"2019-10-30T11:58:52","guid":{"rendered":"https:\/\/evileveshop.com\/sl\/?post_type=product&#038;p=3910"},"modified":"2019-12-18T12:23:24","modified_gmt":"2019-12-18T10:23:24","slug":"ogrlica-chic-fashionista-rockstar","status":"publish","type":"product","link":"https:\/\/evileveshop.com\/sl\/trgovina\/ogrlica-chic-fashionista-rockstar\/","title":{"rendered":"Ogrlica Chic Fashionista Rockstar"},"content":{"rendered":"<div><span class=\"Apple-style-span\" style=\"font-family: Roboto;\"><span class=\"Apple-style-span\">Unikatna ogrlica Chic Fashionista Rockstar je ustvarjena za drzno \u017eensko, ki ljubi druga\u010dne modne kose, a ji sprehodi med razli\u010dnimi stili niso tuji. Ogrlica je izjemno udobna za no\u0161enje. Ro\u010dno je izdelana iz najbolj\u0161ega \u010drnega usnja in elegantno izrezljanih drobnih veri\u017eic iz medicinskega jekla.\u00a0<\/span><\/span><\/div>\n<div>Poskusite jo kombinirati tako na belo srajco kot na preprost \u010drn top, u\u010dinek bo preprosto enkraten in poseben.\u00a0<span class=\"Apple-style-span\" style=\"font-family: Roboto;\"><span class=\"Apple-style-span\">S to ogrlico boste brez dvoma pokazali, da ste posebni. Navznoter in navzven. Poleti bo izjemno lepa na golem dekoteju, pozimi jo lahko izvrstno uporabite \u010dez majice in pulije in poudarite modni videz tudi takrat, ko zaradi mraza nosimo bolj zaprte kose obla\u010dil.<\/span><\/span><\/div>\n<div><span class=\"Apple-style-span\" style=\"font-family: Roboto;\"><span class=\"Apple-style-span\">Razko\u0161no, drzno in samosvoje. Zablestite v druga\u010dnosti!<\/span><\/span><\/div>\n<div><\/div>\n<div><span class=\"Apple-style-span\" style=\"font-family: Roboto;\"><span class=\"Apple-style-span\">\u00a0<\/span><\/span><\/div>\n<div><span class=\"Apple-style-span\" style=\"font-family: Roboto;\"><span class=\"Apple-style-span\">Velikost: ogrlica je nastavljive velikosti in ustreza vsem, ki nosite \u0161tevilke S, M ali L.<\/span><\/span><\/div>\n<h4><\/h4>\n<p>&nbsp;<\/p>\n<p>&nbsp;<\/p>\n","protected":false},"excerpt":{"rendered":"<div><span class=\"Apple-style-span\" style=\"color: #2d2d2d; font-family: Roboto;\"><span class=\"Apple-style-span\">RO\u010cNO IZDELANA USNJENA OGRLICA \u00a0Z MEDICINSKIM JEKLOM, KI POUDARI VA\u0160 KARAKTER S SVOJIM DRZNIM IZGLEDOM. ZA SAMOSVOJE MODNE NAVDU\u0160ENKE, SE ZNAJO IGRATI Z MODNIMI DODATKI.<\/span><\/span><\/div>\n<div><span class=\"Apple-style-span\" style=\"font-family: Roboto;\"><span class=\"Apple-style-span\">\u00a0<\/span><\/span><\/div>\n<p>&nbsp;<\/p>\n","protected":false},"featured_media":3916,"comment_status":"closed","ping_status":"closed","template":"","meta":[],"_links":{"self":[{"href":"https:\/\/evileveshop.com\/sl\/wp-json\/wp\/v2\/product\/3910"}],"collection":[{"href":"https:\/\/evileveshop.com\/sl\/wp-json\/wp\/v2\/product"}],"about":[{"href":"https:\/\/evileveshop.com\/sl\/wp-json\/wp\/v2\/types\/product"}],"replies":[{"embeddable":true,"href":"https:\/\/evileveshop.com\/sl\/wp-json\/wp\/v2\/comments?post=3910"}],"wp:featuredmedia":[{"embeddable":true,"href":"https:\/\/evileveshop.com\/sl\/wp-json\/wp\/v2\/media\/3916"}],"wp:attachment":[{"href":"https:\/\/evileveshop.com\/sl\/wp-json\/wp\/v2\/media?parent=3910"}],"curies":[{"name":"wp","href":"https:\/\/api.w.org\/{rel}","templated":true}]}}