{"id":4193,"date":"2020-02-20T10:21:01","date_gmt":"2020-02-20T08:21:01","guid":{"rendered":"https:\/\/evileveshop.com\/sl\/?post_type=product&#038;p=4193"},"modified":"2024-10-09T21:44:04","modified_gmt":"2024-10-09T19:44:04","slug":"torbica-messenger-bag-deep-blue-cavallino","status":"publish","type":"product","link":"https:\/\/evileveshop.com\/sl\/trgovina\/torbica-messenger-bag-deep-blue-cavallino\/","title":{"rendered":"Torbica Messenger Bag Deep Blue Cavallino"},"content":{"rendered":"<p>Prefinjena kombinacija \u010drne in pari\u0161ko modre s \u0161tevilnimi detajli je v zna\u010dilnem dizajnu EvilEve zadetek v polno za vse prave modne navdu\u0161enke, ki si \u017eelite uporabno in trpe\u017eno torbico za najrazli\u010dnej\u0161e prilo\u017enosti. Unikatna usnjena torbica Deep Blue Cavallino bo izvrstno poudarila va\u0161 karakter in celostni podobi dodala drzno privla\u010dnost. Odli\u010dna je tako za vsakdanjo uporabo kot za potovanja.<\/p>\n<p>Torbica je ro\u010dno izdelana iz najbolj\u0161ega italijanskega usnja. Z lahkoto se kombinira z razli\u010dnimi stili obla\u010denja, poskusite vse mo\u017enosti, od bulerjev do visokih petk in navdu\u0161ene boste nad magijo, ki jo pri\u010dara prav ta modni dodatek, v katerega boste z lahkoto spravili vse potreb\u0161\u010dine od denarnice, stekleni\u010dke s pija\u010do, telefona, li\u010dil in drugih nujnih drobnarij. V notranjosti sta poleg glavnega predala \u0161e dva priro\u010dna \u017eepka z lo\u010denim zapiranjem ter na zunanji strani pod pokrovom \u0161e en manj\u0161i \u017eepek, prav tako pa je ob strani poseben pritrjevalni mehanizem za klju\u010de in pa pripadajo\u010d obesek za klju\u010de, tako da nikoli ve\u010d ne boste brskali po torbici za klju\u010di.<\/p>\n<p>Ro\u010daj je snemljiv, v celoti prilagodljiv po velikosti in narejen iz kombinacije drznih verig in usnja. Zagotavlja popolno udobje pri no\u0161enju, saj je v podlogi joga blazina. \u00a0Torbica se preprosto odpira in zapira z zapiralnim mehanizmom na sredi pokrova.<\/p>\n<p>Notranjost torbice je pari\u0161ko modre barve, podlo\u017eena z usnjem in ne z blagom, kar daje torbici dodatno trpe\u017enost in izolativnost. Dobro pa je znano tudi, da usnje za razliko od drugih materialov s\u010dasoma in skozi uporabo samo \u0161e pridobi na prijetnem videzu.<\/p>\n<p>Velikost: 26 cm x 20 cm x 7 cm<\/p>\n","protected":false},"excerpt":{"rendered":"<p>BODITE PREPROSTO SAMOSVOJI! POUDARITE SVOJ KARAKTER NA VSAKEM KORAKU.<\/p>\n<p>Ta \u010dudovita usnjena torbica je ustvarjena za \u017eensko, ki preprosto \u017eeli ve\u010d od povpre\u010dja, obenem pa njen modni izraz izhaja iz kombinacije elegance in drznosti. Za \u017eensko, ki ve, kaj \u017eeli: uporaben in trpe\u017een modni kos, ki traja ve\u010dno, v posebnem dizajnu, ki zdru\u017euje uporabno in estetsko vrednost.<\/p>\n","protected":false},"featured_media":4197,"comment_status":"closed","ping_status":"closed","template":"","meta":[],"_links":{"self":[{"href":"https:\/\/evileveshop.com\/sl\/wp-json\/wp\/v2\/product\/4193"}],"collection":[{"href":"https:\/\/evileveshop.com\/sl\/wp-json\/wp\/v2\/product"}],"about":[{"href":"https:\/\/evileveshop.com\/sl\/wp-json\/wp\/v2\/types\/product"}],"replies":[{"embeddable":true,"href":"https:\/\/evileveshop.com\/sl\/wp-json\/wp\/v2\/comments?post=4193"}],"wp:featuredmedia":[{"embeddable":true,"href":"https:\/\/evileveshop.com\/sl\/wp-json\/wp\/v2\/media\/4197"}],"wp:attachment":[{"href":"https:\/\/evileveshop.com\/sl\/wp-json\/wp\/v2\/media?parent=4193"}],"curies":[{"name":"wp","href":"https:\/\/api.w.org\/{rel}","templated":true}]}}