{"id":4633,"date":"2020-04-29T12:55:24","date_gmt":"2020-04-29T10:55:24","guid":{"rendered":"https:\/\/evileveshop.com\/sl\/?post_type=product&#038;p=4633"},"modified":"2022-03-27T12:14:55","modified_gmt":"2022-03-27T10:14:55","slug":"torbica-clutch-lila-chic","status":"publish","type":"product","link":"https:\/\/evileveshop.com\/sl\/trgovina\/torbica-clutch-lila-chic\/","title":{"rendered":"Torbica Clutch Lila Chic"},"content":{"rendered":"<p>Odbita metalno vijoli\u010dna v kombinaciji s \u010drno, antracitno in srebrno ter \u0161tevilni detajli je v zna\u010dilnem asimetri\u010dnem dizajnu EvilEve obvezen kos za vse prave modne navdu\u0161enke. Unikatna usnjena torbica Lila Chic bo definirala kon\u010dno celostno podobo, obla\u010dilom dodala karakter in izvrstno poudarila va\u0161o drzno privla\u010dnost.<\/p>\n<p>Torbica je ro\u010dno izdelana iz najbolj\u0161ega italijanskega usnja. Poleg osnovnega ima \u0161e tri manj\u0161e \u017eepe. Poskusite razli\u010dne kombinacije od bulerjev do visokih petk in navdu\u0161ene boste nad magijo, ki jo pri\u010dara prav ta modni dodatek. Ta torbica lahko izpade zelo drzna ali pa zelo elegantna &#8211; vse je odvisno od tega, kaj nosimo zraven.<\/p>\n<p>Ro\u010daj je snemljiv, v celoti prilagodljiv po velikosti in narejen iz medicinskega jekla. \u00a0Torbica se preprosto odpira in zapira s kovinskimi zapiralnimi gumbki na levi in desni strani. V notranjosti pa ima dodaten \u017eepek.<\/p>\n<p>&nbsp;<\/p>\n","protected":false},"excerpt":{"rendered":"<p>DODAJTE BARVO IN KARAKTER CELOSTNI PODOBI! POUDARITE SVOJO MODNO ZGODBO NA VSAKEM KORAKU. DOVOLITE SI BITI SAMOSVOJA.<\/p>\n<p>Ta \u010dudovita usnjena torbica je ustvarjena za \u017eensko, ki preprosto \u017eeli ve\u010d od povpre\u010dja, obenem pa njen modni izraz izhaja iz elegance in \u0161ik garderobe, ki jo zna takrat, ko to \u017eeli in potrebuje, spretno pretvoriti v ravno prav od\u0161tekano druga\u010dnost.<\/p>\n","protected":false},"featured_media":7052,"comment_status":"closed","ping_status":"closed","template":"","meta":[],"_links":{"self":[{"href":"https:\/\/evileveshop.com\/sl\/wp-json\/wp\/v2\/product\/4633"}],"collection":[{"href":"https:\/\/evileveshop.com\/sl\/wp-json\/wp\/v2\/product"}],"about":[{"href":"https:\/\/evileveshop.com\/sl\/wp-json\/wp\/v2\/types\/product"}],"replies":[{"embeddable":true,"href":"https:\/\/evileveshop.com\/sl\/wp-json\/wp\/v2\/comments?post=4633"}],"wp:featuredmedia":[{"embeddable":true,"href":"https:\/\/evileveshop.com\/sl\/wp-json\/wp\/v2\/media\/7052"}],"wp:attachment":[{"href":"https:\/\/evileveshop.com\/sl\/wp-json\/wp\/v2\/media?parent=4633"}],"curies":[{"name":"wp","href":"https:\/\/api.w.org\/{rel}","templated":true}]}}