{"id":4923,"date":"2020-10-09T11:01:58","date_gmt":"2020-10-09T09:01:58","guid":{"rendered":"https:\/\/evileveshop.com\/sl\/?post_type=product&#038;p=4923"},"modified":"2023-03-15T12:50:02","modified_gmt":"2023-03-15T10:50:02","slug":"denarnica-lightpink-chic-maxi","status":"publish","type":"product","link":"https:\/\/evileveshop.com\/sl\/trgovina\/denarnica-lightpink-chic-maxi\/","title":{"rendered":"Denarnica LightPink Chic Maxi"},"content":{"rendered":"<p>Ta trpe\u017ena unikatna usnjena denarnica je ro\u010dno izdelana iz najbolj\u0161ega italijanskega usnja. Ima dve mo\u010dni zadrgi (ve\u010djo z elegantnimi veri\u017eicami iz medicinskega jekla), usnjen \u017eep za drobi\u017e (z dekorativnim kovinskim klju\u010dkom), 2 predala za bankovce, 12 \u017eepkov, v katere lahko spravimo do 24 kartic, in dva dodatna predala. V denarnico brez te\u017eav damo tudi ve\u010dino mobilnih telefonov, potni list, in jo lahko uporabimo tudi kot malo ve\u010derno torbico.<\/p>\n<p>Ne glede na barvno kombinacijo denarnice, je v prav vsaki denarnici drobi\u017enica po tradiciji rde\u010de barve oziroma v rde\u010dih podtonih: to naj bi po ljudskem verovanju namre\u010d prina\u0161alo obilje in sre\u010do ter v denarnici vedno zagotavljalo zadostno mero cekinov. In \u010de nekatere prisegajo na to vra\u017eo, so druge zgolj navdu\u0161enke nad tem, da mora biti denarnica lepa in posebna ne samo na zunaj, ampak tudi znotraj. In pri EvilEve je vedno tako.<\/p>\n<p>Velikost: 19cm x 11cm x 2cm (ko je prazna)<\/p>\n","protected":false},"excerpt":{"rendered":"<p>POUDARITE SVOJ STIL NE LE SKOZI GARDEROBO, AMPAK TUDI Z DETAJLI, KI VSAKODNEVNO PRITEGNEJO POGLEDE IN VELIKO POVEDO O VAS SAMIH. LEPA IN KVALITETNA DENARNICA JE BREZ DVOMA PRVI VSAKODNEVNI ODRAZ VA\u0160EGA STILA IN NENAZADNJE TUDI KARAKTERJA. KER PRAVE \u017dENSKE NIKOLI NISMO ZADOVOLJNE S POVPRE\u010cJEM!<\/p>\n<p>TRPE\u017dNA USNJENA DENARNICA V \u010cUDOVITIH METALNO ROZA ODTENKIH JE PRAVA IZBIRA ZA \u017dENSKE V KORAKU S \u010cASOM.<\/p>\n<p>Za vsakdanjo uporabo ali kot mini torbica za posebno prilo\u017enost \u2013 preprost, a opazen dizajn v prepletu lepih in elegantnih barvnih kombinacij za tiste \u017eenske, ki ho\u010dejo ve\u010d. Prav \u017eenska denarnica namre\u010d mo\u010dno izdaja stil lastnice \u2013 ali ga imate, ali pa ga nimate.<\/p>\n<p>&nbsp;<\/p>\n","protected":false},"featured_media":4862,"comment_status":"closed","ping_status":"closed","template":"","meta":[],"_links":{"self":[{"href":"https:\/\/evileveshop.com\/sl\/wp-json\/wp\/v2\/product\/4923"}],"collection":[{"href":"https:\/\/evileveshop.com\/sl\/wp-json\/wp\/v2\/product"}],"about":[{"href":"https:\/\/evileveshop.com\/sl\/wp-json\/wp\/v2\/types\/product"}],"replies":[{"embeddable":true,"href":"https:\/\/evileveshop.com\/sl\/wp-json\/wp\/v2\/comments?post=4923"}],"wp:featuredmedia":[{"embeddable":true,"href":"https:\/\/evileveshop.com\/sl\/wp-json\/wp\/v2\/media\/4862"}],"wp:attachment":[{"href":"https:\/\/evileveshop.com\/sl\/wp-json\/wp\/v2\/media?parent=4923"}],"curies":[{"name":"wp","href":"https:\/\/api.w.org\/{rel}","templated":true}]}}