{"id":6023,"date":"2021-01-16T12:50:06","date_gmt":"2021-01-16T10:50:06","guid":{"rendered":"https:\/\/evileveshop.com\/sl\/?post_type=product&#038;p=6023"},"modified":"2023-07-11T12:12:37","modified_gmt":"2023-07-11T10:12:37","slug":"zapestnica-lucky-angel-blue","status":"publish","type":"product","link":"https:\/\/evileveshop.com\/sl\/trgovina\/zapestnica-lucky-angel-blue\/","title":{"rendered":"zapestnica Lucky Angel blue"},"content":{"rendered":"<p>Univerzalen dvostranski kos nakita, ki odli\u010dno sovpada z razli\u010dnimi stili obla\u010denja. Preprosto \u0161ik na vsaki roki! Ljubka in zelo mehka zapestnica s prelepimi angelskimi krilci bo v hipu postala tisti mali, prikupni kos nakita, ki si ga privo\u0161\u010dimo &#8220;za sre\u010do&#8221;. Preprosto, a druga\u010dno od klasike. Za piko na i. Zapestnico lahko po \u017eelji in potrebi obra\u010date in tako nosite modro ali pa \u010drno razli\u010dico.<\/p>\n<p>Kako bo zapestnica izpadla v kon\u010dni podobi, je povsem odvisno\u00a0 od tega, s \u010dim jo boste kombinirali. Odli\u010dno se poda tako visokim petkam kot tudi poletnim sandalom, zimskim bulerjem ali allstarkam. Pristoji tako na klasi\u010dne srajce kot bolj od\u0161tekane kose obla\u010dil. Lahko poudari va\u0161 unikaten izbor garderobe in samozavest, popestri vsakodnevno podobo z jeansom ali pa naredi piko na i v opaznem odbitem stylingu za posebne prilo\u017enosti.<\/p>\n<p>Ta usnjena zapestnica je ro\u010dno izdelana od za\u010detne ideje do kon\u010dne izvedbe, brez uporabe niti, \u0161ivanke in ravnila. Je resni\u010dno udobna za no\u0161enje, saj je narejena iz najmehkej\u0161ega usnja najboj\u0161e kakovosti.<\/p>\n<p>Zapestnica se zapira na preprost na\u010din z zapiralnim gumbom. Z no\u0161enjem se lepo prilagodi obliki zapestja in je tako udobna, da bo zelo kmalu postala va\u0161 najlju\u0161i kos nakita.<\/p>\n<p>Na voljo je v velikostih, ki ustrezajo rokam razli\u010dnih mer: S, M, L, XL.<\/p>\n","protected":false},"excerpt":{"rendered":"<p>TISTO MALO, PRIKUPNO IN MEHKO, DA PRINA\u0160A SRE\u010cO &#8211;\u00a0STRASTNO SAMOSVOJA BREZ\u010cASNA ELEGANCA ZA PIKO NA I DOBREMU PO\u010cUTJU IN DNEVNI CELOSTNI PODOBI.<\/p>\n<p>Najbolj\u0161e\u00a0italijansko usnje, prelep kovinski obesek in kovinski netki kljub svoji preprostosti z dizajnom in mehkobo pobo\u017eajo tako va\u0161o roko kot tudi du\u0161o.<\/p>\n","protected":false},"featured_media":6031,"comment_status":"closed","ping_status":"closed","template":"","meta":[],"_links":{"self":[{"href":"https:\/\/evileveshop.com\/sl\/wp-json\/wp\/v2\/product\/6023"}],"collection":[{"href":"https:\/\/evileveshop.com\/sl\/wp-json\/wp\/v2\/product"}],"about":[{"href":"https:\/\/evileveshop.com\/sl\/wp-json\/wp\/v2\/types\/product"}],"replies":[{"embeddable":true,"href":"https:\/\/evileveshop.com\/sl\/wp-json\/wp\/v2\/comments?post=6023"}],"wp:featuredmedia":[{"embeddable":true,"href":"https:\/\/evileveshop.com\/sl\/wp-json\/wp\/v2\/media\/6031"}],"wp:attachment":[{"href":"https:\/\/evileveshop.com\/sl\/wp-json\/wp\/v2\/media?parent=6023"}],"curies":[{"name":"wp","href":"https:\/\/api.w.org\/{rel}","templated":true}]}}