{"id":6177,"date":"2021-03-12T13:12:05","date_gmt":"2021-03-12T11:12:05","guid":{"rendered":"https:\/\/evileveshop.com\/sl\/?post_type=product&#038;p=6177"},"modified":"2021-03-12T13:24:27","modified_gmt":"2021-03-12T11:24:27","slug":"torbica-clutch-blackrose","status":"publish","type":"product","link":"https:\/\/evileveshop.com\/sl\/trgovina\/torbica-clutch-blackrose\/","title":{"rendered":"Torbica Clutch Blackrose"},"content":{"rendered":"<p>Prefinjena \u010drnina, lesk antracitno sive in srebrna so v posebnem 3D dizajnu v usnju zadetek v polno za vse prave modne navdu\u0161enke. Unikatna usnjena torbica Blackrose \u017ee a prvi pogled ukrade pozronost in celostni podobi dodaja drzno privla\u010dnost.<\/p>\n<p>Torbica je ro\u010dno izdelana iz najbolj\u0161ega italijanskega usnja. Poskusite razli\u010dne kombinacije od bulerjev do visokih petk in navdu\u0161ene boste nad magijo, ki jo pri\u010dara prav ta modni dodatek.<\/p>\n<p>Dalj\u0161i dodatni ro\u010daj je snemljiv in narejen iz medicinskega jekla, tako da ga lahko z malo domi\u0161ljije uporabite tudi kot ogrlico, keychain ali pas. \u00a0Torbica se preprosto odpira in zapira s kovinskimi zapiralnimi gumbki na levi in desni strani. Je izjemno trpe\u017ena.<\/p>\n<p>Torbica ima poleg osnovnega \u0161e 2 manj\u0161a predala za shranjevanje drobnarij, telefona in vsega tistega, brez \u010desar prava modna navdu\u0161enka ne more od doma.<\/p>\n","protected":false},"excerpt":{"rendered":"<p>STRAST V NAJBOLJ\u0160I MODNI OBLIKI! KER VAM JE V\u0160E\u010c, DA TAK KOS RESNI\u010cNO NI ZA VSAKO \u017dENSKO.<\/p>\n<p>Ta \u010dudovita usnjena torbica je ustvarjena za \u017eensko, ki preprosto \u017eeli ve\u010d od povpre\u010dja, obenem pa njen modni izraz izhaja iz elegance in \u0161ik garderobe, ki jo zna takrat, ko to \u017eeli in potrebuje, spretno pretvoriti v ravno prav od\u0161tekano druga\u010dnost.<\/p>\n","protected":false},"featured_media":6184,"comment_status":"closed","ping_status":"closed","template":"","meta":[],"_links":{"self":[{"href":"https:\/\/evileveshop.com\/sl\/wp-json\/wp\/v2\/product\/6177"}],"collection":[{"href":"https:\/\/evileveshop.com\/sl\/wp-json\/wp\/v2\/product"}],"about":[{"href":"https:\/\/evileveshop.com\/sl\/wp-json\/wp\/v2\/types\/product"}],"replies":[{"embeddable":true,"href":"https:\/\/evileveshop.com\/sl\/wp-json\/wp\/v2\/comments?post=6177"}],"wp:featuredmedia":[{"embeddable":true,"href":"https:\/\/evileveshop.com\/sl\/wp-json\/wp\/v2\/media\/6184"}],"wp:attachment":[{"href":"https:\/\/evileveshop.com\/sl\/wp-json\/wp\/v2\/media?parent=6177"}],"curies":[{"name":"wp","href":"https:\/\/api.w.org\/{rel}","templated":true}]}}