{"id":6591,"date":"2021-09-08T12:57:11","date_gmt":"2021-09-08T10:57:11","guid":{"rendered":"https:\/\/evileveshop.com\/sl\/?post_type=product&#038;p=6591"},"modified":"2021-09-08T12:58:58","modified_gmt":"2021-09-08T10:58:58","slug":"uhani-monstera-glittery-silver","status":"publish","type":"product","link":"https:\/\/evileveshop.com\/sl\/trgovina\/uhani-monstera-glittery-silver\/","title":{"rendered":"Uhani Monstera Glittery Silver"},"content":{"rendered":"<p>Ta unikatni par uhanov v obliki \u010dudovitih listov monstere je prava modna popestritev za \u017eenske, ki znajo z eno samo potezo svoj styling pripeljati do vi\u0161jega nivoja. \u00a0Uhani EvilEve namre\u010d v hipu dodajo celostni podobi pravo piko na i in poudarijo va\u0161o samozavest. Veliki, toda izjemno lahki uhani so obenem elegantni in drzni. Dol\u017eina je 5 centimetrov in \u0161irina 4,5 centimetre &#8211; dovolj, da zraven ne potrebujete prav nobenega drugega modnega dodatka!<\/p>\n<p>Kako bodo izpadli kot modni dodatek znotraj \u017eeljene celostne podobe, je povsem odvisno od tega, s \u010dim jih kombiniramo &#8211; odli\u010dni so tako na klasiko kot skupaj s preprostimi kavbojkami in majico, z elegantno ve\u010derno obleko in pravimi visokimi petkami pa bodo dodali va\u0161i podobi \u0161e ve\u010d elegance. Odlo\u010ditev, v katero smer bodo uhani poudarili styling, je torej va\u0161a!<\/p>\n<p>Za tiste, ki obo\u017eujete opazne, velike uhane, pa je kon\u010dno konec te\u017eav s te\u017eo uhanov! Uhani EvilEve namre\u010d slovijo po izjemni udobnosti no\u0161enja, ker so zelo lahki. Brezskrbno no\u0161enje pa omogo\u010da tudi medicinsko jeklo, ki ne povzro\u010da alergij in ne potemni &#8211; barva ostane prav taka, kot ob nakupu.<\/p>\n<p>Ob morebitnem nanosu ostankov li\u010dil ali drugih ne\u010disto\u010d na uhane je \u010di\u0161\u010denje oziroma vzdr\u017eevanje preprosto: uporabite papirnato kuhinjsko brisa\u010dko ter \u010distilo za steklo ali mla\u010dno vodo. Va\u0161i uhani bodo kot novi tudi po mesecih no\u0161enja.<\/p>\n<p>&nbsp;<\/p>\n","protected":false},"excerpt":{"rendered":"<p>IDEALNA KOMBINACIJA PREFINJENE OBLIKE BREZ\u010cASNE MONSTERE IN NATAN\u010cNO PREMI\u0160LJENE VELIKOSTI, KI KOT PIKA NA I ZAKLJU\u010cI NAJRAZLI\u010cNEJ\u0160E CELOSTNE PODOBE. POUDARITE SVOJO ODLO\u010cNOST, DRZNOST IN \u010cUTNOST S \u010cUDOVITIMI UHANI, KI SE PODAJO NA RESNI\u010cNO \u0160TEVILNE KOMBINACIJE OBLA\u010cIL! OBVEZNI PAR ZA VSAKO PRAVO MODNO NAVDU\u0160ENKO, ZA ZADNJI KORAK STRAN OD POVPRE\u010cJA. PRIPRAVITE SE, DA VAS BODO SPRA\u0160EVALI, KJE STE JIH DOBILI.<\/p>\n<p>&nbsp;<\/p>\n","protected":false},"featured_media":6557,"comment_status":"closed","ping_status":"closed","template":"","meta":[],"_links":{"self":[{"href":"https:\/\/evileveshop.com\/sl\/wp-json\/wp\/v2\/product\/6591"}],"collection":[{"href":"https:\/\/evileveshop.com\/sl\/wp-json\/wp\/v2\/product"}],"about":[{"href":"https:\/\/evileveshop.com\/sl\/wp-json\/wp\/v2\/types\/product"}],"replies":[{"embeddable":true,"href":"https:\/\/evileveshop.com\/sl\/wp-json\/wp\/v2\/comments?post=6591"}],"wp:featuredmedia":[{"embeddable":true,"href":"https:\/\/evileveshop.com\/sl\/wp-json\/wp\/v2\/media\/6557"}],"wp:attachment":[{"href":"https:\/\/evileveshop.com\/sl\/wp-json\/wp\/v2\/media?parent=6591"}],"curies":[{"name":"wp","href":"https:\/\/api.w.org\/{rel}","templated":true}]}}