{"id":6691,"date":"2021-10-09T14:05:43","date_gmt":"2021-10-09T12:05:43","guid":{"rendered":"https:\/\/evileveshop.com\/sl\/?post_type=product&#038;p=6691"},"modified":"2021-10-09T14:45:52","modified_gmt":"2021-10-09T12:45:52","slug":"torbica-evileve-classic","status":"publish","type":"product","link":"https:\/\/evileveshop.com\/sl\/trgovina\/torbica-evileve-classic\/","title":{"rendered":"Torbica EvilEve Classic"},"content":{"rendered":"<p>Torbica EvilEve Classic je posebna torbica, najve\u010dkrat je izdelana na mero stranke glede na to, kak\u0161no velikost kdo potrebuje. Na voljo je v \u0161tevilnih razli\u010dicah in barvnih odtenkih, zato nas na \u017eeljo obi\u0161\u010dite na neobvezujo\u010dem posvetu v butiku na Trubarjevi 15 v sredi\u0161\u010du Ljubljane in skupaj bomo dolo\u010dili vse parametre izdelave.<\/p>\n<p>Prekrasno in najbolj kakovostno usnje je v torbici na slikah kombinirano s srebrno ter ima \u0161tevilne detajle, ki naredijo prav vsak kos unikaten in samo va\u0161. Torbico odlikuje premi\u0161ljena ro\u010dna izdelava, je izjemno trpe\u017ena in udobna za no\u0161enje. Ro\u010daj je podlo\u017een z joga blazino, ki omogo\u010da maksimalno udobje, tudi kadar v torbo nalo\u017eimo ve\u010djo te\u017eo. Elegantne verige s karabini omogo\u010dajo prilagoditev dol\u017eine ro\u010daja na centimeter natan\u010dno, lahko pa na \u017eeljo tudi snamemo verige in pritrdimo zgolj usnjeni del. Ve\u010dina stvari pri EvilEve je namre\u010d snemljivih in uporabnih na ve\u010d na\u010dinov, zato tak\u0161na torbica zahteva modno domi\u0161ljijo in igranje s snemljivimi dodatki.<\/p>\n<p>Dodaten manj\u0161i priro\u010den ro\u010daj je pritrjen na torbico. Torbica ima poleg osnovnega \u0161e 3 dodatne \u017eepke z zapirali. Trdo dno omogo\u010da, da stvari v torbici ostanejo na svojem mestu, podloga iz usnja (namesto iz blaga) pa daje torbici dodatno izolativnost in trpe\u017enost. Prav tako omogo\u010di la\u017eje \u010di\u0161\u010denje, v kolikor bi bilo to potrebno.<\/p>\n<p>Ta torbica je v kombinaciji z dizajnom ter uporabno vrednostjo zadetek v polno za vse prave modne navdu\u0161enke, ki si \u017eelite veliko, uporabno in trpe\u017eno torbico za najrazli\u010dnej\u0161e prilo\u017enosti. Izvrstno bo poudarila va\u0161 karakter in celostni podobi dodala drzno privla\u010dnost. Odli\u010dna je za vsakdanjo uporabo, za potovanja in tudi za \u0161tevilne druge prilo\u017enosti. Odstranite lahko dalj\u0161i snemljiv dolgi ro\u010daj ter jo nosite s priro\u010dnim in zelo \u0161ik kraj\u0161im ro\u010dajem.<\/p>\n<p>Torbica je ro\u010dno izdelana iz najbolj\u0161ega italijanskega usnja. Z lahkoto se kombinira z razli\u010dnimi stili obla\u010denja, poskusite vse mo\u017enosti, od bulerjev do visokih petk in navdu\u0161ene boste nad magijo, ki jo pri\u010dara prav ta torba. Vanjo boste z lahkoto spravili vse potreb\u0161\u010dine od denarnice, stekleni\u010dke s pija\u010do, telefona, li\u010dil in drugih nujnih drobnarij. In seveda \u0161e kaj ve\u010djega.<\/p>\n<p>Ob strani je poseben pritrjevalni mehanizem za klju\u010de in pa pripadajo\u010d obesek za klju\u010de s karabinom, tako da nikoli ve\u010d ne boste brskali po torbici za klju\u010di, ampak jih boste na\u0161li takoj.\u00a0Torbica je mehka na otip, kljub temu pa lepo obdr\u017ei obliko. Preprosto se odpira in zapira z magnetoma na pokrovu. Veri\u017eica s klju\u010dki, pritrjena na sam pokrov, je snemljiva, in jo lahko na \u017eeljo priklenete tudi kam drugam ali pa jo ob\u010dasno uporabite celo kot ogrlico, saj je narejena iz kvalitetnega medicinskega jekla, ki ne povzro\u010da alergij in ne potemni skozi \u010das.<\/p>\n<p>Ko enkrat izkusite prednosti in uporabno vrednost klasi\u010dne EvilEve dnevne torbice, greste te\u017eko nazaj na kaj drugega. Ker je to kos, ustvarjen po meri prave \u017eenske, ki dobro ve, kaj ho\u010de in zakaj. Od \u017eenske za \u017eensko, s strastjo in premi\u0161ljenimi detajli, ki kose EvilEve ob uporabi kar naenkrat za\u010dnejo mo\u010dno lo\u010devati od ostalih modnih izdelkov drugih znamk.<\/p>\n<p>Velikost: 38 cm x 25 cm x 10 cm<\/p>\n","protected":false},"excerpt":{"rendered":"<p>KLASIKA ZA VSE EVILEVE \u017dENSKE: DRZNE, SAMOSVOJE, MO\u010cNE. TISTE, KI \u0160TRLIJO S PONOSOM IZ POVPRE\u010cJA IN ZAHTEVAJO PREPROSTO VE\u010c NA VSEH NIVOJIH. VELIKA TORBICA ZA VELIKE PUNCE!<\/p>\n<p>Ta \u010dudovita usnjena torbica je ustvarjena za \u017eensko, ki preprosto \u017eeli ve\u010d od povpre\u010dja, obenem pa njen modni izraz izhaja iz kombinacije elegance in drznosti. Za \u017eensko, ki ve, kaj \u017eeli: uporaben in trpe\u017een modni kos, ki traja ve\u010dno, v posebnem dizajnu, ki zdru\u017euje uporabno in estetsko vrednost.<\/p>\n","protected":false},"featured_media":6695,"comment_status":"closed","ping_status":"closed","template":"","meta":[],"_links":{"self":[{"href":"https:\/\/evileveshop.com\/sl\/wp-json\/wp\/v2\/product\/6691"}],"collection":[{"href":"https:\/\/evileveshop.com\/sl\/wp-json\/wp\/v2\/product"}],"about":[{"href":"https:\/\/evileveshop.com\/sl\/wp-json\/wp\/v2\/types\/product"}],"replies":[{"embeddable":true,"href":"https:\/\/evileveshop.com\/sl\/wp-json\/wp\/v2\/comments?post=6691"}],"wp:featuredmedia":[{"embeddable":true,"href":"https:\/\/evileveshop.com\/sl\/wp-json\/wp\/v2\/media\/6695"}],"wp:attachment":[{"href":"https:\/\/evileveshop.com\/sl\/wp-json\/wp\/v2\/media?parent=6691"}],"curies":[{"name":"wp","href":"https:\/\/api.w.org\/{rel}","templated":true}]}}