{"id":6804,"date":"2021-10-31T14:47:53","date_gmt":"2021-10-31T12:47:53","guid":{"rendered":"https:\/\/evileveshop.com\/sl\/?post_type=product&#038;p=6804"},"modified":"2022-03-27T11:45:41","modified_gmt":"2022-03-27T09:45:41","slug":"zapestnica-spike-pink","status":"publish","type":"product","link":"https:\/\/evileveshop.com\/sl\/trgovina\/zapestnica-spike-pink\/","title":{"rendered":"Zapestnica Spike Pink"},"content":{"rendered":"<p>Zapestnica Spike izvrstno zdru\u017euje drznost in eleganco. Prav zato se izjemno lepo poda na vse stylinge: ob klasi\u010dni beli ali \u010drni srajci bo dodala pravo mero ostrine in vas v hipu popeljala stran od sivega povpre\u010dja, odli\u010dno bo dopolnila kombinacije s kavbojkami, v bolj od\u0161tekanih garderobah pa bo na\u0161la svoje mesto kot dodatek, ki nevsiljivo poudari va\u0161o modno drznost in spretnost kombiniranja.<\/p>\n<p>Za poudarjanje dnevne celostne podobe bo ob preprostih obla\u010dilih dovolj \u017ee sama zapestnica, da iz obi\u010dajnega sko\u010dite v ravno prav posebno, ne pretirano in ne dolgo\u010dasno.<br \/>\nZasijte v najbolj\u0161i lu\u010di s svojo modno domi\u0161ljijo!<\/p>\n<p>Zapestnica se navije okoli roke in zapira na preprost na\u010din s kovinskim zapiralnim gumbkom.<br \/>\nNa voljo je v velikostih S, M, L, XL ali po meri. V kolikor niste prepri\u010dani glede velikosti, izmerite obseg zapestja na tesno in nam po\u0161ljite sporo\u010dilo za brezpla\u010den in neobvezen posvet.<\/p>\n","protected":false},"excerpt":{"rendered":"<p>SANJSKE STVARI ZA PIKO NA I:<br \/>\nZAPESTNICA ZA SAMOZAVESTNE \u017dENSKE Z MODNO DOMI\u0160LJIJO<\/p>\n<p>Ta unikatna usnjena zapestnica je ro\u010dno izdelana od za\u010detne ideje do kon\u010dne izvedbe. Izdelana je brez uporabe niti, \u0161ivanke in ravnila, je izjemno trpe\u017ena in obenem udobna za no\u0161enje.<\/p>\n","protected":false},"featured_media":6811,"comment_status":"closed","ping_status":"closed","template":"","meta":[],"_links":{"self":[{"href":"https:\/\/evileveshop.com\/sl\/wp-json\/wp\/v2\/product\/6804"}],"collection":[{"href":"https:\/\/evileveshop.com\/sl\/wp-json\/wp\/v2\/product"}],"about":[{"href":"https:\/\/evileveshop.com\/sl\/wp-json\/wp\/v2\/types\/product"}],"replies":[{"embeddable":true,"href":"https:\/\/evileveshop.com\/sl\/wp-json\/wp\/v2\/comments?post=6804"}],"wp:featuredmedia":[{"embeddable":true,"href":"https:\/\/evileveshop.com\/sl\/wp-json\/wp\/v2\/media\/6811"}],"wp:attachment":[{"href":"https:\/\/evileveshop.com\/sl\/wp-json\/wp\/v2\/media?parent=6804"}],"curies":[{"name":"wp","href":"https:\/\/api.w.org\/{rel}","templated":true}]}}