{"id":6894,"date":"2021-12-12T16:53:31","date_gmt":"2021-12-12T14:53:31","guid":{"rendered":"https:\/\/evileveshop.com\/sl\/?post_type=product&#038;p=6894"},"modified":"2021-12-12T17:17:06","modified_gmt":"2021-12-12T15:17:06","slug":"torbica-za-tobak-brown-unisex","status":"publish","type":"product","link":"https:\/\/evileveshop.com\/sl\/trgovina\/torbica-za-tobak-brown-unisex\/","title":{"rendered":"Torbica za tobak Brown Unisex"},"content":{"rendered":"<p>Prefinjena kombinacija 3D detajlov v usnju naredi to rjavo toba\u010dno torbico za del va\u0161e celostne podobe in ni ve\u010d zgolj nek nujen privesek, ki se potem valja po \u017eepih ali torbi. Torbica ima poleg osnovnega prekata za tobak seveda tudi vse priro\u010dne \u017eepke za filtre in papir\u010dke ter dodaten shranjevalni \u017eep za kak\u0161no dodatno drobnarijo, kartico, bankovec&#8230;<\/p>\n<p>Z dvema karabinoma se torbica na \u017eeljo pripenja na zanke kavbojk oziroma hla\u010d, v \u017eenski razli\u010dici pa je mo\u017eno s snemljivo veri\u017eico ta kos v hipu spremeniti tudi v elegantno clutch torbico za potovanja ali dnevne potrebe.<\/p>\n<p>Preprosto, uporabno in \u0161ik.\u00a0Premi\u0161ljeno izdelana unikatna usnjena torbica za tobak in \u0161e kaj bo izvrstno poudarila va\u0161 karakter in celostni podobi dodala du\u0161o. Je ravno prav majhna in ravno prav velika, da gredo vanjo vse nujne potreb\u0161\u010dine, ki jih \u017eelite imeti vedno pri sebi.<\/p>\n<p>Torbica je ro\u010dno izdelana iz najbolj\u0161ega italijanskega usnja. Z lahkoto se kombinira z razli\u010dnimi stili obla\u010denja, poskusite najrazli\u010dnej\u0161e mo\u017enosti.<\/p>\n<p>Torbica je prijetno mehka na otip, kljub temu pa lepo obdr\u017ei obliko.<\/p>\n<p>Notranjost je podlo\u017eena z usnjem in ne z blagom, kar daje torbici dodatno trpe\u017enost in mo\u017enost preprostega \u010di\u0161\u010denja s \u010distilom za steklo in papirnato kuhinjsko brisa\u010dko.<\/p>\n<p>V kolikor bi \u017eeleli drugo velikost tak\u0161ne torbice, nam pi\u0161ite na info@evileve.si in skupaj bomo na\u0161li najbolj\u0161o re\u0161itev za va\u0161e potrebe glede velikosti.<\/p>\n","protected":false},"excerpt":{"rendered":"<p>BODITE PREPROSTO SAMOSVOJI! POUDARITE SVOJ KARAKTER NA VSAKEM KORAKU.<\/p>\n<p>Ta \u010dudovita usnjena torbica za tobak in \u0161e kaj ve\u010d je ustvarjena za vsakega, ki preprosto \u017eeli ve\u010d od povpre\u010dja: uporaben in trpe\u017een modni kos, ki traja ve\u010dno, v posebnem dizajnu, ki zdru\u017euje uporabno in estetsko vrednost.<\/p>\n","protected":false},"featured_media":6897,"comment_status":"closed","ping_status":"closed","template":"","meta":[],"_links":{"self":[{"href":"https:\/\/evileveshop.com\/sl\/wp-json\/wp\/v2\/product\/6894"}],"collection":[{"href":"https:\/\/evileveshop.com\/sl\/wp-json\/wp\/v2\/product"}],"about":[{"href":"https:\/\/evileveshop.com\/sl\/wp-json\/wp\/v2\/types\/product"}],"replies":[{"embeddable":true,"href":"https:\/\/evileveshop.com\/sl\/wp-json\/wp\/v2\/comments?post=6894"}],"wp:featuredmedia":[{"embeddable":true,"href":"https:\/\/evileveshop.com\/sl\/wp-json\/wp\/v2\/media\/6897"}],"wp:attachment":[{"href":"https:\/\/evileveshop.com\/sl\/wp-json\/wp\/v2\/media?parent=6894"}],"curies":[{"name":"wp","href":"https:\/\/api.w.org\/{rel}","templated":true}]}}