{"id":6998,"date":"2022-03-05T12:27:56","date_gmt":"2022-03-05T10:27:56","guid":{"rendered":"https:\/\/evileveshop.com\/sl\/?post_type=product&#038;p=6998"},"modified":"2022-09-07T10:39:09","modified_gmt":"2022-09-07T08:39:09","slug":"torbica-candy-chic","status":"publish","type":"product","link":"https:\/\/evileveshop.com\/sl\/trgovina\/torbica-candy-chic\/","title":{"rendered":"Torbica Candy Chic"},"content":{"rendered":"<p>Prekrasno in najbolj kakovostno usnje v torbici kolekcije Candy poudarja va\u0161 osebni stil in \u017ee na prvi pogled izdaja, da je ta torbica nekaj posebnega, pika na i garderobi in kot radi re\u010demo s tujko, pravi &#8216;statement&#8217; kos. \u00a0Zna\u010dilen avtorski dizajn Evileve je nezgre\u0161ljiv, torbico pa tako kot vsi kosi pri EvilEve odlikuje izjemna uporabna vrednost: razni snemljivi dodatki, prilagodljivi in mehki ro\u010daji, priro\u010dni \u017eepki tu in tam, ravno prav\u0161nja velikost in kvaliteta materialov &#8211; vse to in \u0161e ve\u010d je zdru\u017eeno v kolekciji unikatnih torbic Candy.<\/p>\n<p>Barvni toni torbice Candy Chic pristojijo na prav se barve. \u00a0Toni, ki nihajo od belkaste do srebrne in pe\u0161\u010deno zlate, so hvale\u017eni za vsakdanjo uporabo in kombiniranje na razli\u010dne stile in barve obla\u010dil ter nakita. Torbico odlikuje premi\u0161ljena ro\u010dna izdelava, je izjemno trpe\u017ena in udobna za no\u0161enje. Ro\u010daj je podlo\u017een z joga blazino, ki omogo\u010da maksimalno udobje, tudi kadar v torbo nalo\u017eimo ve\u010djo te\u017eo. Elegantne verige s karabini omogo\u010dajo prilagoditev dol\u017eine ro\u010daja na centimeter natan\u010dno, lahko pa na \u017eeljo tudi snamemo verige in pritrdimo zgolj usnjeni del. Ve\u010dina stvari pri EvilEve je namre\u010d snemljivih in uporabnih na ve\u010d na\u010dinov, zato tak\u0161na torbica zahteva modno domi\u0161ljijo in igranje s snemljivimi dodatki.<\/p>\n<p>Dodaten manj\u0161i priro\u010den ro\u010daj je pritrjen na torbico. Torbica ima poleg osnovnega \u0161e 4 dodatne \u017eepke z zapirali. Trdo dno omogo\u010da, da stvari v torbici ostanejo na svojem mestu, podloga iz usnja (namesto iz blaga) pa daje torbici dodatno izolativnost in trpe\u017enost. Prav tako omogo\u010di la\u017eje \u010di\u0161\u010denje, v kolikor bi bilo to potrebno.<\/p>\n<p>Ta torbica je v kombinaciji z dizajnom ter uporabno vrednostjo zadetek v polno za vse prave modne navdu\u0161enke, ki si \u017eelite veliko, uporabno in trpe\u017eno torbico za najrazli\u010dnej\u0161e prilo\u017enosti. Izvrstno bo poudarila va\u0161 karakter in celostni podobi dodala drzno privla\u010dnost. Odli\u010dna je za vsakdanjo uporabo in tudi za \u0161tevilne druge prilo\u017enosti. Odstranite lahko dalj\u0161i snemljiv dolgi ro\u010daj ter jo nosite s priro\u010dnim in zelo \u0161ik kraj\u0161im ro\u010dajem.<\/p>\n<p>Torbica je ro\u010dno izdelana iz najbolj\u0161ega italijanskega usnja. Z lahkoto se kombinira z razli\u010dnimi stili obla\u010denja, poskusite vse mo\u017enosti, od bulerjev do visokih petk in navdu\u0161ene boste nad magijo, ki jo pri\u010dara prav ta torba. Vanjo boste z lahkoto spravili vse potreb\u0161\u010dine od denarnice, stekleni\u010dke s pija\u010do, telefona, li\u010dil in drugih nujnih drobnarij. In seveda \u0161e kaj ve\u010djega.<\/p>\n<p>Ob strani je poseben pritrjevalni mehanizem za klju\u010de in pa pripadajo\u010d obesek za klju\u010de s karabinom, tako da nikoli ve\u010d ne boste brskali po torbici za klju\u010di, ampak jih boste na\u0161li takoj.\u00a0Torbica je mehka na otip, kljub temu pa lepo obdr\u017ei obliko. Preprosto se odpira in zapira z magnetoma na pokrovu.<\/p>\n<p>Ko enkrat izkusite prednosti in uporabno vrednost katerekoli dnevne torbice EvilEve, greste te\u017eko nazaj na kaj drugega. Ker je izdelana od za\u010detne ideje do kon\u010dne izvedbe od \u017eenske za \u017eensko, povsem ro\u010dno, in ni nobene masovne strojne produkcije. Natan\u010dno je premi\u0161ljeno, kaj \u017eenska dejansko potrebuje pri dnevni torbici, kajti zgolj lep izgled za EvilEve ni dovolj. To je ve\u010den kos, ustvarjen po meri prave \u017eenske, ki dobro ve, kaj ho\u010de in zakaj. Narejena je s strastjo in premi\u0161ljenimi detajli, ki kose EvilEve ob uporabi kar naenkrat za\u010dnejo mo\u010dno lo\u010devati od ostalih modnih izdelkov drugih znamk.<\/p>\n<p>Velikost: 35 cm x 22 cm x 10 cm<\/p>\n<p>Torbica iz kolekcije Candy je najve\u010dkrat izdelana na mero po \u017eelji stranke &#8211; glede na to, kak\u0161no velikost kdo potrebuje. Na voljo je torej v \u0161tevilnih velikostnih razli\u010dicah in barvnih odtenkih, zato nas na \u017eeljo obi\u0161\u010dite na neobvezujo\u010dem posvetu v butiku na Trubarjevi 15 v sredi\u0161\u010du Ljubljane in skupaj bomo dolo\u010dili vse parametre izdelave.<\/p>\n","protected":false},"excerpt":{"rendered":"<p>KLASIKA ZA VSE EVILEVE \u017dENSKE: DRZNE, SAMOSVOJE, MO\u010cNE. TISTE, KI \u0160TRLIJO S PONOSOM IZ POVPRE\u010cJA IN ZAHTEVAJO PREPROSTO VE\u010c NA VSEH NIVOJIH. TORBICA ZA VELIKE PUNCE!<\/p>\n<p>Ta \u010dudovita usnjena torbica je ustvarjena za \u017eensko, ki preprosto \u017eeli ve\u010d od povpre\u010dja, obenem pa njen modni izraz izhaja iz kombinacije elegance in drznosti. Za \u017eensko, ki ve, kaj \u017eeli: uporaben in trpe\u017een modni kos, ki traja ve\u010dno, v posebnem dizajnu, ki zdru\u017euje uporabno in estetsko vrednost.<\/p>\n","protected":false},"featured_media":7012,"comment_status":"closed","ping_status":"closed","template":"","meta":[],"_links":{"self":[{"href":"https:\/\/evileveshop.com\/sl\/wp-json\/wp\/v2\/product\/6998"}],"collection":[{"href":"https:\/\/evileveshop.com\/sl\/wp-json\/wp\/v2\/product"}],"about":[{"href":"https:\/\/evileveshop.com\/sl\/wp-json\/wp\/v2\/types\/product"}],"replies":[{"embeddable":true,"href":"https:\/\/evileveshop.com\/sl\/wp-json\/wp\/v2\/comments?post=6998"}],"wp:featuredmedia":[{"embeddable":true,"href":"https:\/\/evileveshop.com\/sl\/wp-json\/wp\/v2\/media\/7012"}],"wp:attachment":[{"href":"https:\/\/evileveshop.com\/sl\/wp-json\/wp\/v2\/media?parent=6998"}],"curies":[{"name":"wp","href":"https:\/\/api.w.org\/{rel}","templated":true}]}}