{"id":7013,"date":"2022-03-09T12:55:52","date_gmt":"2022-03-09T10:55:52","guid":{"rendered":"https:\/\/evileveshop.com\/sl\/?post_type=product&#038;p=7013"},"modified":"2023-10-31T16:22:50","modified_gmt":"2023-10-31T14:22:50","slug":"torbica-tote-bag-basic-evileve","status":"publish","type":"product","link":"https:\/\/evileveshop.com\/sl\/trgovina\/torbica-tote-bag-basic-evileve\/","title":{"rendered":"Torbica Tote bag Basic EvilEve"},"content":{"rendered":"<p>Prefinjena kombinacija \u010drne in srebrne s premi\u0161ljenimi detajli je v zna\u010dilnem dizajnu EvilEve zadetek v polno za vse prave modne navdu\u0161enke, ki si \u017eelite mehko, uporabno in trpe\u017eno torbico za najrazli\u010dnej\u0161e prilo\u017enosti. Unikatna usnjena torbica iz kolekcije Basic Evileve bo izvrstno poudarila va\u0161 karakter in celostni podobi dodala drzno privla\u010dnost. Odli\u010dna je tako za vsakdanjo uporabo kot za potovanja.<\/p>\n<p>Torbica je ro\u010dno izdelana iz najbolj\u0161ega italijanskega usnja. Z lahkoto se kombinira z razli\u010dnimi stili obla\u010denja, poskusite \u0161tevilne kombinacije od bulerjev do visokih petk in navdu\u0161ene boste nad magijo, ki jo pri\u010dara prav ta modni dodatek, v katerega boste z lahkoto spravili vse potreb\u0161\u010dine od denarnice, stekleni\u010dke s pija\u010do, telefona, li\u010dil in drugih nujnih drobnarij. V notranjosti so poleg glavnega predala \u0161e 4 priro\u010dni \u017eepi z lo\u010denim zapiranjem.<\/p>\n<p>Torbica se bo oblikovala glede na koli\u010dino stvari, ki jo boste spravili vanjo. Je ravno prav prostorna in gre vanjo vse, kar \u017eenska potrebuje s seboj za dnevne opravke.<\/p>\n<p>Ro\u010daj je snemljiv, v celoti prilagodljiv po velikosti in narejen iz kombinacije drznih verig in usnja. Zagotavlja popolno udobje pri no\u0161enju.<\/p>\n<p>Velikost: 37 cm x 40 cm<\/p>\n","protected":false},"excerpt":{"rendered":"<p>BODITE PREPROSTO SAMOSVOJI! POUDARITE SVOJ KARAKTER NA VSAKEM KORAKU.<\/p>\n<p>Ta \u010dudovita usnjena torbica je ustvarjena za \u017eensko, ki preprosto \u017eeli ve\u010d od povpre\u010dja, obenem pa njen modni izraz izhaja iz kombinacije elegance in drznosti. Za \u017eensko, ki ve, kaj \u017eeli: uporaben in trpe\u017een modni kos, ki traja ve\u010dno, v posebnem dizajnu, ki zdru\u017euje uporabno in estetsko vrednost.<\/p>\n","protected":false},"featured_media":7023,"comment_status":"closed","ping_status":"closed","template":"","meta":[],"_links":{"self":[{"href":"https:\/\/evileveshop.com\/sl\/wp-json\/wp\/v2\/product\/7013"}],"collection":[{"href":"https:\/\/evileveshop.com\/sl\/wp-json\/wp\/v2\/product"}],"about":[{"href":"https:\/\/evileveshop.com\/sl\/wp-json\/wp\/v2\/types\/product"}],"replies":[{"embeddable":true,"href":"https:\/\/evileveshop.com\/sl\/wp-json\/wp\/v2\/comments?post=7013"}],"wp:featuredmedia":[{"embeddable":true,"href":"https:\/\/evileveshop.com\/sl\/wp-json\/wp\/v2\/media\/7023"}],"wp:attachment":[{"href":"https:\/\/evileveshop.com\/sl\/wp-json\/wp\/v2\/media?parent=7013"}],"curies":[{"name":"wp","href":"https:\/\/api.w.org\/{rel}","templated":true}]}}