{"id":7162,"date":"2022-07-21T14:37:06","date_gmt":"2022-07-21T12:37:06","guid":{"rendered":"https:\/\/evileveshop.com\/sl\/?post_type=product&#038;p=7162"},"modified":"2023-05-02T13:30:00","modified_gmt":"2023-05-02T11:30:00","slug":"torbica-clutch-summer-red","status":"publish","type":"product","link":"https:\/\/evileveshop.com\/sl\/trgovina\/torbica-clutch-summer-red\/","title":{"rendered":"Torbica Clutch Summer Red"},"content":{"rendered":"<p>Prelepa kombinacija opazne rde\u010de barve z dodatki \u010drnih odtenkov, vedno modnega \u017eivalskega vzorca ter elegantnimi veri\u017eicami iz medicinskega jekla bo vedno po\u017eela navdu\u0161enje, kamorkoli jo boste peljali na izlet. Z lepimi in premi\u0161ljenimi detajli je v zna\u010dilnem dizajnu EvilEve zadetek v polno za vse prave modne navdu\u0161enke. Unikatna usnjena torbica Summer Red bo izvrstno poudarila va\u0161 karakter in celotni podobi dodala drzno privla\u010dnost, obenem pa ohranja romanti\u010dni in pomladansko sve\u017e modni pridih.<\/p>\n<p>Torbica je priro\u010dno majhna, ro\u010dno izdelana iz najbolj\u0161ega italijanskega usnja. Z lahkoto se kombinira z razli\u010dnimi stili obla\u010denja, poskusite \u0161tevilne mo\u017ene kombinacije in navdu\u0161ene boste nad magijo, ki jo pri\u010dara prav ta modni dodatek. Ta torbica lahko izpade zelo drzna ali pa zelo elegantna &#8211; vse je odvisno od tega, kaj nosimo zraven. Poleg osnovnega predala ima \u0161e 3 manj\u0161e \u017eepke z lo\u010denim zapiranjem, za enostravno organiziranje vseh drobnarij in nujnih potreb\u0161\u010din.<\/p>\n<p>Ro\u010daj je snemljiv, v celoti prilagodljiv po velikosti in narejen iz medicinskega jekla. &nbsp;Torbica se preprosto odpira in zapira s kovinskimi zapiralnimi gumbki na levi in desni strani. Je izjemno trpe\u017ena.<\/p>\n<p>Velikost: 34 x 18 cm<\/p>\n","protected":false},"excerpt":{"rendered":"<p>ZALJUBLJENI V RDE\u010cO? BODITE PREPROSTO ZVESTI SAMI SEBI! POUDARITE SVOJ KARAKTER.<\/p>\n<p>Ta \u010dudovita usnjena torbica je ustvarjena za \u017eensko, ki preprosto \u017eeli ve\u010d od povpre\u010dja, obenem pa njen modni izraz izhaja iz elegance in \u0161ik garderobe, ki jo zna takrat, ko to \u017eeli in potrebuje, spretno pretvoriti v ravno prav od\u0161tekano druga\u010dnost.<\/p>\n","protected":false},"featured_media":7163,"comment_status":"closed","ping_status":"closed","template":"","meta":[],"_links":{"self":[{"href":"https:\/\/evileveshop.com\/sl\/wp-json\/wp\/v2\/product\/7162"}],"collection":[{"href":"https:\/\/evileveshop.com\/sl\/wp-json\/wp\/v2\/product"}],"about":[{"href":"https:\/\/evileveshop.com\/sl\/wp-json\/wp\/v2\/types\/product"}],"replies":[{"embeddable":true,"href":"https:\/\/evileveshop.com\/sl\/wp-json\/wp\/v2\/comments?post=7162"}],"wp:featuredmedia":[{"embeddable":true,"href":"https:\/\/evileveshop.com\/sl\/wp-json\/wp\/v2\/media\/7163"}],"wp:attachment":[{"href":"https:\/\/evileveshop.com\/sl\/wp-json\/wp\/v2\/media?parent=7162"}],"curies":[{"name":"wp","href":"https:\/\/api.w.org\/{rel}","templated":true}]}}