{"id":7247,"date":"2022-08-13T14:23:08","date_gmt":"2022-08-13T12:23:08","guid":{"rendered":"https:\/\/evileveshop.com\/sl\/?post_type=product&#038;p=7247"},"modified":"2024-12-02T11:49:18","modified_gmt":"2024-12-02T09:49:18","slug":"denarnica-evileve-chic-mini-olive","status":"publish","type":"product","link":"https:\/\/evileveshop.com\/sl\/trgovina\/denarnica-evileve-chic-mini-olive\/","title":{"rendered":"Denarnica EvilEve Chic Mini Olive"},"content":{"rendered":"<p>Ravno prav velika denarnica za vse \u017eenske, ki vedo, kaj \u017eelijo, in prisegajo na funkcionalnost: vsaka denarnica iz kolekcije Chic Mini ima 6 prekatov za kartice, kamor lahko spravite po potrebi do 12 kartic. Zadaj se skriva preprost \u017eepek za shranjevanje vizitk, listkov, ra\u010dunov ali ostalih drobnarij. Poleg \u017eepa za bankovce v klasi\u010dni velikosti ima denarnica \u0161e priro\u010den in ravno prav velik \u017eep za kovance oziroma drobi\u017enico, ki se enostavno in u\u010dinkovito zapira s kovinskim gumbkom. Drobi\u017enica je zasnovana tako, da boste z lahkoto brskali med kovan\u010dki, saj se lepo razpira, ko to potrebujete, in u\u010dinkovito zapira, ko \u017eelimo, da so kovanci samo in zgolj v drobi\u017enici. Denarnico prepognemo na pol in jo preprosto zapremo s skritim kovinskim gumbkom, ki poskrbi, da so stvari varno spravljene in vedno na svojem mestu. Tako nam v roki ostane ravno prav velika denarnica (ko je prazna, meri le 9&#215;10 centimetrov), ki gre z lahkoto tudi v najrazli\u010dnej\u0161e \u017eepe \u2013 \u010deprav je to kos, ki bo v hipu postal del vas, in ga ne boste \u017eeleli skrivati po \u017eepih!<\/p>\n","protected":false},"excerpt":{"rendered":"<p>USNJENA DENARNICA CHIC MINI:\u00a0PRIVO\u0160\u010cITE SI NAJBOLJ\u0160O KOMBINACIJO STILA IN UPORABNE VREDNOSTI, KER SI TO PREPROSTO ZASLU\u017dITE!<\/p>\n<p>Preprosto lep dizajn z veliko uporabno vrednostjo in najlep\u0161i vzorci v izbranem kakovostnem italijanskem usnju se skrivajo v ro\u010dno izdelanih denarnicah kolekcije Chic Mini. Kolekcija je izdelana v premi\u0161ljenem izboru prekrasnih odtenkov razli\u010dnih barv, ki jih na policah obi\u010dajnih trgovin ne boste zasledili, obenem pa bodo odli\u010dno sovpadali s katerimkoli kosom garderobe, saj je kolekcija zasnovana tako, da zdru\u017euje obenem pridih klasike kot tudi \u0161\u010depec samosvojega, druga\u010dnega.<\/p>\n","protected":false},"featured_media":7252,"comment_status":"closed","ping_status":"closed","template":"","meta":[],"_links":{"self":[{"href":"https:\/\/evileveshop.com\/sl\/wp-json\/wp\/v2\/product\/7247"}],"collection":[{"href":"https:\/\/evileveshop.com\/sl\/wp-json\/wp\/v2\/product"}],"about":[{"href":"https:\/\/evileveshop.com\/sl\/wp-json\/wp\/v2\/types\/product"}],"replies":[{"embeddable":true,"href":"https:\/\/evileveshop.com\/sl\/wp-json\/wp\/v2\/comments?post=7247"}],"wp:featuredmedia":[{"embeddable":true,"href":"https:\/\/evileveshop.com\/sl\/wp-json\/wp\/v2\/media\/7252"}],"wp:attachment":[{"href":"https:\/\/evileveshop.com\/sl\/wp-json\/wp\/v2\/media?parent=7247"}],"curies":[{"name":"wp","href":"https:\/\/api.w.org\/{rel}","templated":true}]}}