{"id":7277,"date":"2022-08-13T15:05:46","date_gmt":"2022-08-13T13:05:46","guid":{"rendered":"https:\/\/evileveshop.com\/sl\/?post_type=product&#038;p=7277"},"modified":"2023-01-29T16:25:30","modified_gmt":"2023-01-29T14:25:30","slug":"torbica-clutch-stoneheart","status":"publish","type":"product","link":"https:\/\/evileveshop.com\/sl\/trgovina\/torbica-clutch-stoneheart\/","title":{"rendered":"Torbica Clutch Stoneheart"},"content":{"rendered":"<p>Prefinjena \u010drnina, lesk antracitno sive in srebrna so v posebnem dizajnu zadetek v polno za vse prave modne navdu\u0161enke. Unikatna usnjena torbica BlackHeart bo izvrstno poudarila va\u0161 karakter in celotni podobi dodala drzno privla\u010dnost.<\/p>\n<p>Torbica je ro\u010dno izdelana iz najbolj\u0161ega italijanskega usnja. Poskusite razli\u010dne kombinacije od bulerjev do visokih petk in navdu\u0161ene boste nad magijo, ki jo pri\u010dara prav ta modni dodatek.<\/p>\n<p>Ro\u010daj je snemljiv, v celoti prilagodljiv po velikosti in narejen iz medicinskega jekla. &nbsp;Manj\u0161i \u0161ik ro\u010daj je pritrjen na torbico. Torbica se preprosto odpira in zapira s kovinskimi zapiralnimi gumbki na levi in desni strani. Je izjemno trpe\u017ena.<\/p>\n<p>Torbica ima poleg osnovnega \u0161e 2 manj\u0161a predale za shranjevanje drobnarij, telefona in vsega tistega, brez \u010desar prava modna navdu\u0161enka ne more od doma.<\/p>\n","protected":false},"excerpt":{"rendered":"<p>POUDARITE SVOJ KARAKTER NA VSAKEM KORAKU. DOVOLITE SI BITI SAMOSVOJA.<\/p>\n<p>Ta \u010dudovita usnjena torbica je ustvarjena za \u017eensko, ki preprosto \u017eeli ve\u010d od povpre\u010dja, obenem pa njen modni izraz izhaja iz elegance in \u0161ik garderobe, ki jo zna takrat, ko to \u017eeli in potrebuje, spretno pretvoriti v ravno prav od\u0161tekano druga\u010dnost.<\/p>\n","protected":false},"featured_media":7280,"comment_status":"closed","ping_status":"closed","template":"","meta":[],"_links":{"self":[{"href":"https:\/\/evileveshop.com\/sl\/wp-json\/wp\/v2\/product\/7277"}],"collection":[{"href":"https:\/\/evileveshop.com\/sl\/wp-json\/wp\/v2\/product"}],"about":[{"href":"https:\/\/evileveshop.com\/sl\/wp-json\/wp\/v2\/types\/product"}],"replies":[{"embeddable":true,"href":"https:\/\/evileveshop.com\/sl\/wp-json\/wp\/v2\/comments?post=7277"}],"wp:featuredmedia":[{"embeddable":true,"href":"https:\/\/evileveshop.com\/sl\/wp-json\/wp\/v2\/media\/7280"}],"wp:attachment":[{"href":"https:\/\/evileveshop.com\/sl\/wp-json\/wp\/v2\/media?parent=7277"}],"curies":[{"name":"wp","href":"https:\/\/api.w.org\/{rel}","templated":true}]}}