{"id":7483,"date":"2022-09-22T21:00:40","date_gmt":"2022-09-22T19:00:40","guid":{"rendered":"https:\/\/evileveshop.com\/sl\/?post_type=product&#038;p=7483"},"modified":"2022-09-22T21:07:24","modified_gmt":"2022-09-22T19:07:24","slug":"torbica-messenger-bag-sugarcube-cracked-white-mini","status":"publish","type":"product","link":"https:\/\/evileveshop.com\/sl\/trgovina\/torbica-messenger-bag-sugarcube-cracked-white-mini\/","title":{"rendered":"Torbica Messenger Bag Sugarcube Cracked White Mini"},"content":{"rendered":"<p>Prekrasno belo usnje s posebnim asimerti\u010dnim staranim vzorcem je v kombinaciji z dizajnom ter uporabno vrednostjo zadetek v polno za vse prave modne navdu\u0161enke, ki si \u017eelite dovolj veliko, uporabno in trpe\u017eno torbico za najrazli\u010dnej\u0161e prilo\u017enosti. Unikatna usnjena torbica Sugarcube Mini bo izvrstno poudarila va\u0161 karakter in celostni podobi dodala drzno privla\u010dnost. Odli\u010dna je za vsakdanjo uporabo, za potovanja in tudi za \u0161tevilne druge prilo\u017enosti. \u010ceprav je majhna na pogled, je zaradi \u0161irokega dna volumen torbice dovolj velik za vse nujne potreb\u0161\u010dine sodobne \u017eenske.<\/p>\n<p>Torbica je ro\u010dno izdelana iz najbolj\u0161ega italijanskega usnja. Z lahkoto se kombinira z razli\u010dnimi stili obla\u010denja, poskusite vse mo\u017enosti, od bulerjev do visokih petk in navdu\u0161ene boste nad magijo, ki jo pri\u010dara prav ta modni dodatek, v katerega boste z lahkoto spravili vse potreb\u0161\u010dine od denarnice, stekleni\u010dke s pija\u010do, telefona, li\u010dil in drugih nujnih drobnarij. V notranjosti so poleg glavnega predala \u0161e 4 priro\u010dni \u017eepki z lo\u010denim zapiranjem. Ob strani je poseben pritrjevalni mehanizem za klju\u010de in pa pripadajo\u010d obesek za klju\u010de s karabinom, tako da nikoli ve\u010d ne boste brskali po torbici za klju\u010di.<\/p>\n<p>Ro\u010daj \u00a0je snemljiv, narejen kot popolnoma prilagodljiv usnjen pas z zaponko za optimalno reagulacijo dol\u017eine. \u00a0Torbica je mehka na otip, kljub temu pa lepo obdr\u017ei obliko. Preprosto se odpira in zapira z magnetom na sredi pokrova.<\/p>\n<p>Notranjost je podlo\u017eena z usnjem in ne z blagom, kar daje torbici dodatno trpe\u017enost in izolativnost. Dobro pa je znano tudi, da usnje za razliko od drugih materialov s\u010dasoma in skozi uporabo samo \u0161e pridobi na prijetnem videzu.<\/p>\n<p>Velikost: 22 cm x 21 cm x 10 cm<\/p>\n","protected":false},"excerpt":{"rendered":"<p>NAJBOLJ\u0160A MINI TORBICA ZA VELIKE MODNE NAVDU\u0160ENKE! ZA VSE, KI PRISEGATE NA UPORABNO VREDNOST IN MODNI PRIDIH KVALITETNEGA UNIKATA! BODITE PREPROSTO SAMOSVOJI IN POUDARITE SVOJ KARAKTER NA VSAKEM KORAKU.<\/p>\n<p>Ta \u010dudovita usnjena torbica je ustvarjena za \u017eensko, ki preprosto \u017eeli ve\u010d od povpre\u010dja, obenem pa njen modni izraz izhaja iz kombinacije elegance in drznosti. Za \u017eensko, ki ve, kaj \u017eeli: uporaben in trpe\u017een modni kos, ki traja ve\u010dno, v posebnem dizajnu, ki zdru\u017euje uporabno in estetsko vrednost.<\/p>\n","protected":false},"featured_media":7484,"comment_status":"closed","ping_status":"closed","template":"","meta":[],"_links":{"self":[{"href":"https:\/\/evileveshop.com\/sl\/wp-json\/wp\/v2\/product\/7483"}],"collection":[{"href":"https:\/\/evileveshop.com\/sl\/wp-json\/wp\/v2\/product"}],"about":[{"href":"https:\/\/evileveshop.com\/sl\/wp-json\/wp\/v2\/types\/product"}],"replies":[{"embeddable":true,"href":"https:\/\/evileveshop.com\/sl\/wp-json\/wp\/v2\/comments?post=7483"}],"wp:featuredmedia":[{"embeddable":true,"href":"https:\/\/evileveshop.com\/sl\/wp-json\/wp\/v2\/media\/7484"}],"wp:attachment":[{"href":"https:\/\/evileveshop.com\/sl\/wp-json\/wp\/v2\/media?parent=7483"}],"curies":[{"name":"wp","href":"https:\/\/api.w.org\/{rel}","templated":true}]}}