{"id":7571,"date":"2022-10-10T12:05:02","date_gmt":"2022-10-10T10:05:02","guid":{"rendered":"https:\/\/evileveshop.com\/sl\/?post_type=product&#038;p=7571"},"modified":"2022-10-10T12:07:47","modified_gmt":"2022-10-10T10:07:47","slug":"zapestnica-navijalka-black-giraffe","status":"publish","type":"product","link":"https:\/\/evileveshop.com\/sl\/trgovina\/zapestnica-navijalka-black-giraffe\/","title":{"rendered":"zapestnica navijalka Black giraffe"},"content":{"rendered":"<p>Upajte si preizkusiti nove kombinacije in ta modni dodatek vas bo resni\u010dno presenetil: naenkrat boste za\u010deli kombinirati med seboj na prvi pogled nezdu\u017eljive stile, na koncu pa prav zato sestavili modno podobo, ki bo osupnila \u0161e tako velike dvomljivke. Kako bo zapestnica navijalka izpadla v kon\u010dni podobi, je povsem odvisno od vas \u2013 od tega, s \u010dim jo boste kombinirali. Lahko poudari va\u0161o posebnost in samozavest, popestri vsakodnevna obla\u010dila ali se zlije v elegantno drznost premi\u0161ljene modne navdu\u0161enke. Postanite drzno samosvoji in se lahkotno igrajte s kosom, ki v hipu uni\u010di modno dolgo\u010dasje ter pri\u010dara celostni podobi tisto nekaj ve\u010d.<\/p>\n<p>Ta unikatna usnjena zapestnica navijalka je ro\u010dno izdelana od za\u010detne ideje do kon\u010dne izvedbe, predstavlja pa enega prvih in najbolj priljubljenih dizajnov EvilEve. Izdelana je brez uporabe niti, \u0161ivanke in ravnila, je izjemno trpe\u017ena in obenem udobna za no\u0161enje.<\/p>\n<p>Izvrstno zdru\u017euje razli\u010dne stile. Prav zato se izjemno lepo poda na vse stylinge: ob klasi\u010dni beli ali \u010drni srajci bo dodala pravo mero drznosti in vas v hipu popeljala stran od sivega povpre\u010dja, odli\u010dno bo dopolnila kombinacije s kavbojkami, v bolj od\u0161tekanih garderobah pa bo na\u0161la svoje mesto kot dodatek, ki nevsiljivo poudari va\u0161o modno drznost in spretnost kombiniranja.<\/p>\n<p>Za poudarjanje dnevne celostne podobe bo ob obla\u010dilih dovolj \u017ee sama zapestnica, da iz obi\u010dajnega sko\u010dite v ravno prav posebno, ne pretirano in ne dolgo\u010dasno.<\/p>\n<p>Zapestnica se navije okoli roke in zapira na preprost na\u010din z zapiralnim gumbkom, tako da pomo\u010di pri tem ne potrebujete. Z no\u0161enjem se izjemno lepo prilagodi obliki zapestja in je resni\u010dno udobna.<\/p>\n<p>Na voljo je v velikostih S, M, L, XL ali po meri. V kolikor niste prepri\u010dani glede velikosti, izmerite obseg zapestja na tesno in nam po\u0161ljite sporo\u010dilo za brezpla\u010den in neobvezen posvet.<\/p>\n","protected":false},"excerpt":{"rendered":"<p>KER JE V VSAKI OD NAS NEKAJ DIVJEGA. PRIVLA\u010cNEGA. EDINSTVENEGA.<\/p>\n<p>Zadnji detajl za \u0161e tako preprost styling, ko ne ve\u0161, kaj oble\u010di, in tudi za prilo\u017enosti, ko je treba pokazati ve\u010d. Preprosto univerzalka!<\/p>\n<p>&nbsp;<\/p>\n","protected":false},"featured_media":7566,"comment_status":"closed","ping_status":"closed","template":"","meta":[],"_links":{"self":[{"href":"https:\/\/evileveshop.com\/sl\/wp-json\/wp\/v2\/product\/7571"}],"collection":[{"href":"https:\/\/evileveshop.com\/sl\/wp-json\/wp\/v2\/product"}],"about":[{"href":"https:\/\/evileveshop.com\/sl\/wp-json\/wp\/v2\/types\/product"}],"replies":[{"embeddable":true,"href":"https:\/\/evileveshop.com\/sl\/wp-json\/wp\/v2\/comments?post=7571"}],"wp:featuredmedia":[{"embeddable":true,"href":"https:\/\/evileveshop.com\/sl\/wp-json\/wp\/v2\/media\/7566"}],"wp:attachment":[{"href":"https:\/\/evileveshop.com\/sl\/wp-json\/wp\/v2\/media?parent=7571"}],"curies":[{"name":"wp","href":"https:\/\/api.w.org\/{rel}","templated":true}]}}