{"id":7889,"date":"2023-01-29T16:56:41","date_gmt":"2023-01-29T14:56:41","guid":{"rendered":"https:\/\/evileveshop.com\/sl\/?post_type=product&#038;p=7889"},"modified":"2024-12-02T11:51:03","modified_gmt":"2024-12-02T09:51:03","slug":"torbica-clutch-blackheart-silver","status":"publish","type":"product","link":"https:\/\/evileveshop.com\/sl\/trgovina\/torbica-clutch-blackheart-silver\/","title":{"rendered":"Torbica Clutch BlackHeart Silver"},"content":{"rendered":"<p>Prefinjena \u010drnina, prelep \u017eivalski vzorec v samem materialu, lesk antracitno sive in srebrna so v posebnem dizajnu zadetek v polno za vse prave modne navdu\u0161enke. Unikatna usnjena torbica BlackHeart Silver bo izvrstno poudarila va\u0161 karakter in celotni podobi dodala drzno privla\u010dnost.<\/p>\n<p>Torbica je ro\u010dno izdelana iz najbolj\u0161ega italijanskega usnja. Poskusite razli\u010dne kombinacije od bulerjev do visokih petk in navdu\u0161ene boste nad magijo, ki jo pri\u010dara prav ta modni dodatek.<\/p>\n<p>Ro\u010daj je snemljiv, v celoti prilagodljiv po velikosti in narejen iz medicinskega jekla. &nbsp;Torbica se preprosto odpira in zapira s kovinskimi zapiralnimi gumbki na levi in desni strani. Je izjemno trpe\u017ena. Poleg glavnega predala ima \u0161e 4 manj\u0161e \u017eepe za shranjevanje razli\u010dnih drobnarij. Snemljiva dekorativna veri\u017eica pa je kot nala\u0161\u010d, da jo uporabite tudi v drugih vlogah, kot modni dodatek jo lahko pripnete kamorkoli, na primer tudi na hla\u010dni pas.<\/p>\n","protected":false},"excerpt":{"rendered":"<p>POUDARITE SVOJ KARAKTER NA VSAKEM KORAKU. DOVOLITE SI BITI SAMOSVOJA.<\/p>\n<p>Ta \u010dudovita usnjena torbica je ustvarjena za \u017eensko, ki preprosto \u017eeli ve\u010d od povpre\u010dja, obenem pa njen modni izraz izhaja iz elegance in \u0161ik garderobe, ki jo zna takrat, ko to \u017eeli in potrebuje, spretno pretvoriti v ravno prav od\u0161tekano druga\u010dnost.<\/p>\n","protected":false},"featured_media":7893,"comment_status":"closed","ping_status":"closed","template":"","meta":[],"_links":{"self":[{"href":"https:\/\/evileveshop.com\/sl\/wp-json\/wp\/v2\/product\/7889"}],"collection":[{"href":"https:\/\/evileveshop.com\/sl\/wp-json\/wp\/v2\/product"}],"about":[{"href":"https:\/\/evileveshop.com\/sl\/wp-json\/wp\/v2\/types\/product"}],"replies":[{"embeddable":true,"href":"https:\/\/evileveshop.com\/sl\/wp-json\/wp\/v2\/comments?post=7889"}],"wp:featuredmedia":[{"embeddable":true,"href":"https:\/\/evileveshop.com\/sl\/wp-json\/wp\/v2\/media\/7893"}],"wp:attachment":[{"href":"https:\/\/evileveshop.com\/sl\/wp-json\/wp\/v2\/media?parent=7889"}],"curies":[{"name":"wp","href":"https:\/\/api.w.org\/{rel}","templated":true}]}}