{"id":7990,"date":"2023-02-28T12:12:09","date_gmt":"2023-02-28T10:12:09","guid":{"rendered":"https:\/\/evileveshop.com\/sl\/?post_type=product&#038;p=7990"},"modified":"2023-02-28T12:18:33","modified_gmt":"2023-02-28T10:18:33","slug":"dvostranski-usnjen-pas-sky-antracite","status":"publish","type":"product","link":"https:\/\/evileveshop.com\/sl\/trgovina\/dvostranski-usnjen-pas-sky-antracite\/","title":{"rendered":"Dvostranski usnjen pas Sky Antracite"},"content":{"rendered":"<p>Na prvo mesto postavljamo uporabno vrednost, zato je ta dvostranski pas kot nala\u0161\u010d za vse \u017eenske, ki vedo, da je dober usnjen pas obvezen kos vsake garderobe. Na eni strani boste tako lahko odli\u010dno kombinirale garderobo z metalno sivimi, antracitnimi, \u010drnimi in srebrnimi odtenki, ki jih zaklju\u010duje privla\u010den kovinski ton, premi\u0161ljene detajle pa sestavljajo tudi 3D reliefi v materialu. Za druge prilo\u017enosti pa lahko pas obrnete s preprostimi zapiralnimi gumbki in v nekaj sekundah dobite popolnoma nov modni kos v elegantnem nesimetri\u010dnem vzorcu sivkaste, modre in mle\u010dne barve, ki skupaj spominjajo na nebo z obla\u010dki.<\/p>\n<p>Pas \u017ee na prvi pogled izdaja, da je narejen ro\u010dno in iz najbolj\u0161ega italijanskega usnja z zanimivimi teksturami, obenem pa ohranja vso lepoto elegance. Zato se bo brez te\u017eav umestil v dober styling tako z allstarkami, bulerji ali visokimi petkami.<\/p>\n<p>Pas odlikuje tudi primerna trdnost, saj je ravno prav mehek, da ga ob no\u0161enju pravzaprav ne boste niti \u010dutili. Pozabite pa lahko tudi na tiste zoprne ob\u010dutke, ko se usedemo, in se (pre)trdi industrijski pasovi zare\u017eejo v na\u0161e ko\u017ene gube.<\/p>\n<p>Pet lukenj omogo\u010da popolno prilagodljivost velikosti, dve zanki (od tega ena premi\u010dna) pa izvrstno prileganje celotnega pasu. Luknje so oja\u010dane s kovino srebrne barve, zato pozabite stare zgodbe, ko so se vam dosedanji pasovi trgali in pokali ravno pri luknjah! Ker mislimo na vse, \u017eelimo pas, ki bo imel izjemno dolgo \u017eivljenjsko dobo, nosite pa ga lahko tako na jeans kot na bolj elegantne kose obla\u010dil. Izvrstno pristaja kot dodatek preprostim tunikam, saj lepo poudari postavo in ji naredi krasno obliko. Poskusite ga tudi \u010dez tanke, dolge jopice in u\u017eivajte v vizualni \u010darovniji, ki jo naredi.<\/p>\n<p>Pas zaklju\u010duje zaponka srebrne barve v brez\u010dasnem klasi\u010dnem dizajnu. \u0160irina pasu je 3,5 cm, kar pomeni, da gre pas brez te\u017eav v vsake klasi\u010dne kavbojke in tudi \u0161tevilne druge hla\u010de.<\/p>\n<p>Okvirne velikosti:<\/p>\n<p>S: celotna dol\u017eina pasu 100 cm, luknje med 70 in 82 cm<\/p>\n<p>M: celotna dol\u017eina pasu 105 cm, luknje med 80 in 92 cm<\/p>\n<p>L: celotna dol\u017eina pasu 110 cm, luknje med 85 in 100 cm<\/p>\n","protected":false},"excerpt":{"rendered":"<p>ZA \u017dENSKE, KI OBVLADAJO SVOJ STIL DO POTANKOSTI! ZA PIKO NA I VSAKDANU IN ZA PRILO\u017dNOSTI, KO \u017dELITE POUDARITI SVOJ STYLING.<\/p>\n<p>Ker \u017eelite ve\u010d kot samo navaden pas. Stopite iz povpre\u010dja in poudarite svoj modni slog z ro\u010dno izdelanim usnjenim pasom v pre\u010dudovitih odtenkih, ki se krasno dopolnjujejo na \u0161tevilne barvne kombinacije va\u0161e garderobe!<\/p>\n<p>&nbsp;<\/p>\n","protected":false},"featured_media":7994,"comment_status":"closed","ping_status":"closed","template":"","meta":[],"_links":{"self":[{"href":"https:\/\/evileveshop.com\/sl\/wp-json\/wp\/v2\/product\/7990"}],"collection":[{"href":"https:\/\/evileveshop.com\/sl\/wp-json\/wp\/v2\/product"}],"about":[{"href":"https:\/\/evileveshop.com\/sl\/wp-json\/wp\/v2\/types\/product"}],"replies":[{"embeddable":true,"href":"https:\/\/evileveshop.com\/sl\/wp-json\/wp\/v2\/comments?post=7990"}],"wp:featuredmedia":[{"embeddable":true,"href":"https:\/\/evileveshop.com\/sl\/wp-json\/wp\/v2\/media\/7994"}],"wp:attachment":[{"href":"https:\/\/evileveshop.com\/sl\/wp-json\/wp\/v2\/media?parent=7990"}],"curies":[{"name":"wp","href":"https:\/\/api.w.org\/{rel}","templated":true}]}}