{"id":8290,"date":"2023-07-03T11:54:09","date_gmt":"2023-07-03T09:54:09","guid":{"rendered":"https:\/\/evileveshop.com\/sl\/?post_type=product&#038;p=8290"},"modified":"2023-07-03T11:55:45","modified_gmt":"2023-07-03T09:55:45","slug":"uhani-angelwings-lightpink","status":"publish","type":"product","link":"https:\/\/evileveshop.com\/sl\/trgovina\/uhani-angelwings-lightpink\/","title":{"rendered":"Uhani Angelwings Lightpink"},"content":{"rendered":"<p>Ta unikatni par uhanov v obliki angelskih kril nosi s seboj mo\u010dno sporo\u010dilno noto \u017eenske, ki jo odlikujejo ne\u017enost in \u010dutnost na eni strani ter drzna samozavest na drugi strani. Angelska krilca so odli\u010den modni dodatek, ki zmeh\u010da strogost klasi\u010dne garderobe, ker pa so dovolj velika, bodo poudarila sporo\u010dilno noto, ki jo v sebi skriva \u017ee sama oblika uhanov. Odli\u010dno se kombinirajo na razli\u010dne tipe stylingov. Ve\u010d plasti in \u010dudoviti vzorci na usnju dajejo uhanom ravno prav\u0161nji 3D pridih in bodo kot bogat modni dodatek odli\u010dna izbira tako na preprostej\u0161a obla\u010dila kot tudi komplementarni drznej\u0161im stylingom.<\/p>\n<p>Ta par uhanov je univerzalen modni dodatek, ki ga lahko samozavestno barvno kombinirate tako na visoke petke kot poletne sandale.<\/p>\n<p>Za tiste, ki obo\u017eujete opazne, velike uhane, pa je kon\u010dno konec te\u017eav s te\u017eo uhanov! Uhani EvilEve namre\u010d slovijo po izjemni udobnosti no\u0161enja, ker so zelo lahki. Brezskrbno no\u0161enje pa omogo\u010da tudi medicinsko jeklo, ki ne povzro\u010da alergij in ne potemni &#8211; barva ostane prav taka, kot ob nakupu.<\/p>\n<p>Ob morebitnem nanosu ostankov li\u010dil ali drugih ne\u010disto\u010d na uhane je \u010di\u0161\u010denje oziroma vzdr\u017eevanje preprosto: uporabite papirnato kuhinjsko brisa\u010dko ter \u010distilo za steklo ali mla\u010dno vodo. Va\u0161i uhani bodo kot novi tudi po mesecih no\u0161enja.<\/p>\n","protected":false},"excerpt":{"rendered":"<p>UHANI V OBLIKI ANGELSKIH KRIL IZ NAJBOLJ\u0160EGA USNJA, Z MEDICINSKIM JEKLOM,\u00a0ZA LJUBITELJICE POSEBNIH, OPAZNIH MODNIH DODATKOV IN NAKITA, S KATERIM SVOJO CELOSTNO PODOBO V HIPU POPELJETE STRAN OD POVPRE\u010cJA.<\/p>\n<p>&nbsp;<\/p>\n","protected":false},"featured_media":8292,"comment_status":"closed","ping_status":"closed","template":"","meta":[],"_links":{"self":[{"href":"https:\/\/evileveshop.com\/sl\/wp-json\/wp\/v2\/product\/8290"}],"collection":[{"href":"https:\/\/evileveshop.com\/sl\/wp-json\/wp\/v2\/product"}],"about":[{"href":"https:\/\/evileveshop.com\/sl\/wp-json\/wp\/v2\/types\/product"}],"replies":[{"embeddable":true,"href":"https:\/\/evileveshop.com\/sl\/wp-json\/wp\/v2\/comments?post=8290"}],"wp:featuredmedia":[{"embeddable":true,"href":"https:\/\/evileveshop.com\/sl\/wp-json\/wp\/v2\/media\/8292"}],"wp:attachment":[{"href":"https:\/\/evileveshop.com\/sl\/wp-json\/wp\/v2\/media?parent=8290"}],"curies":[{"name":"wp","href":"https:\/\/api.w.org\/{rel}","templated":true}]}}